{"id":66,"date":"2020-07-15T23:47:49","date_gmt":"2020-07-16T02:47:49","guid":{"rendered":"http:\/\/docentes.ifg.edu.br\/rcdiogo\/?page_id=66"},"modified":"2020-07-17T22:10:09","modified_gmt":"2020-07-18T01:10:09","slug":"atividades","status":"publish","type":"page","link":"https:\/\/docentes.ifg.edu.br\/rcdiogo\/atividades\/","title":{"rendered":"Atividades"},"content":{"rendered":"<p>Os docentes do IFG podem desempenhar diferentes a\u00e7\u00f5es relacionadas a tr\u00eas macro atividades: o Ensino, a Pesquisa e a Extens\u00e3o.<\/p>\n<p>Nesse <em>site<\/em> relaciono as principais a\u00e7\u00f5es que desenvolvi ou das quais participei em cada uma dessas atividades:<\/p>\n<ul>\n<li><a href=\"http:\/\/docentes.ifg.edu.br\/rcdiogo\/atividades\/ensino\/\">Ensino<\/a><\/li>\n<li><a href=\"http:\/\/docentes.ifg.edu.br\/rcdiogo\/atividades\/extensao\/\">Extens\u00e3o<\/a><\/li>\n<li><a href=\"http:\/\/docentes.ifg.edu.br\/rcdiogo\/atividades\/pesquisa\/\">Pesquisa<\/a><\/li>\n<\/ul>\n","protected":false},"excerpt":{"rendered":"<p>Os docentes do IFG podem desempenhar diferentes a\u00e7\u00f5es relacionadas a tr\u00eas macro atividades: o Ensino, a Pesquisa e a Extens\u00e3o. Nesse site relaciono as principais a\u00e7\u00f5es que desenvolvi ou das quais participei em cada uma dessas atividades: Ensino Extens\u00e3o Pesquisa<\/p>\n","protected":false},"author":22,"featured_media":0,"parent":0,"menu_order":0,"comment_status":"closed","ping_status":"closed","template":"","meta":{"footnotes":""},"class_list":["post-66","page","type-page","status-publish"],"_links":{"self":[{"href":"https:\/\/docentes.ifg.edu.br\/rcdiogo\/wp-json\/wp\/v2\/pages\/66"}],"collection":[{"href":"https:\/\/docentes.ifg.edu.br\/rcdiogo\/wp-json\/wp\/v2\/pages"}],"about":[{"href":"https:\/\/docentes.ifg.edu.br\/rcdiogo\/wp-json\/wp\/v2\/types\/page"}],"author":[{"embeddable":true,"href":"https:\/\/docentes.ifg.edu.br\/rcdiogo\/wp-json\/wp\/v2\/users\/22"}],"replies":[{"embeddable":true,"href":"https:\/\/docentes.ifg.edu.br\/rcdiogo\/wp-json\/wp\/v2\/comments?post=66"}],"version-history":[{"count":3,"href":"https:\/\/docentes.ifg.edu.br\/rcdiogo\/wp-json\/wp\/v2\/pages\/66\/revisions"}],"predecessor-version":[{"id":109,"href":"https:\/\/docentes.ifg.edu.br\/rcdiogo\/wp-json\/wp\/v2\/pages\/66\/revisions\/109"}],"wp:attachment":[{"href":"https:\/\/docentes.ifg.edu.br\/rcdiogo\/wp-json\/wp\/v2\/media?parent=66"}],"curies":[{"name":"wp","href":"https:\/\/api.w.org\/{rel}","templated":true}]}}