{"id":27,"date":"2020-07-15T23:35:08","date_gmt":"2020-07-16T02:35:08","guid":{"rendered":"http:\/\/docentes.ifg.edu.br\/rcdiogo\/?page_id=27"},"modified":"2020-07-26T17:31:28","modified_gmt":"2020-07-26T20:31:28","slug":"ensino","status":"publish","type":"page","link":"https:\/\/docentes.ifg.edu.br\/rcdiogo\/atividades\/ensino\/","title":{"rendered":"Ensino"},"content":{"rendered":"<blockquote><p>Ningu\u00e9m educa ningu\u00e9m, ningu\u00e9m educa a si mesmo, os homens se educam entre si, mediatizados pelo mundo.<\/p>\n<p>Paulo Freire.<\/p><\/blockquote>\n<h3>Doc\u00eancia<\/h3>\n<p>Tenho experi\u00eancia na doc\u00eancia na rede p\u00fablica estadual de Goi\u00e1s e tamb\u00e9m ministrei aulas em escolas particulares e em cursinho comunit\u00e1rios enquanto era estudante do curso de licenciatura em F\u00edsica da Universidade Federal de Goi\u00e1s. Desde meu ingresso no IFG, atuei nos seguintes cursos e disciplinas:<\/p>\n<table style=\"width: 604px\">\n<tbody>\n<tr>\n<td style=\"width: 247.1px\"><strong>Curso<\/strong><\/td>\n<td style=\"width: 332.9px\"><strong>Disciplina(s)<\/strong><\/td>\n<\/tr>\n<tr>\n<td style=\"width: 247.1px\">Mestrado em Educa\u00e7\u00e3o para Ci\u00eancias e Matem\u00e1tica<\/td>\n<td style=\"width: 332.9px\">An\u00e1lise e Desenvolvimento de Recursos Did\u00e1ticos para o Ensino de Ci\u00eancias e Matem\u00e1tica<br \/>\nAn\u00e1lise e Desenvolvimento de Metodologias e Recursos Did\u00e1ticos para o Ensino de Ci\u00eancias e Matem\u00e1tica<br \/>\nAtividades Individuais e Semin\u00e1rios<br \/>\nCi\u00eancia, Tecnologia e Sociedade<br \/>\nPesquisa e Reda\u00e7\u00e3o I<br \/>\nPesquisa e Reda\u00e7\u00e3o II<br \/>\nPesquisa e Reda\u00e7\u00e3o III<br \/>\nPr\u00e1tica Docente Supervisionada<br \/>\nSociedade, Educa\u00e7\u00e3o Cient\u00edfica e Tecnologia<br \/>\nTecnologias de Informa\u00e7\u00e3o e Comunica\u00e7\u00e3o no Ensino de Ci\u00eancias<br \/>\nTecnologias da Informa\u00e7\u00e3o e Comunica\u00e7\u00e3o no Ensino de Ci\u00eancias e Matem\u00e1tica<\/td>\n<\/tr>\n<tr>\n<td style=\"width: 247.1px\">Especializa\u00e7\u00e3o em Ensino de Ci\u00eancias e Matem\u00e1tica<\/td>\n<td style=\"width: 332.9px\">Tecnologias de Informa\u00e7\u00e3o e Comunica\u00e7\u00e3o no Ensino de Ci\u00eancias e Matem\u00e1tica<\/td>\n<\/tr>\n<tr>\n<td style=\"width: 247.1px\">Especializa\u00e7\u00e3o em Doc\u00eancia na Educa\u00e7\u00e3o Profissional, T\u00e9cnica e Tecnol\u00f3gica<\/td>\n<td style=\"width: 332.9px\">T\u00f3picos de Tecnologia e Instrumenta\u00e7\u00e3o Tecnol\u00f3gica<\/td>\n<\/tr>\n<tr>\n<td style=\"width: 247.1px\">Licenciatura em F\u00edsica<\/td>\n<td style=\"width: 332.9px\">Did\u00e1tica da F\u00edsica<br \/>\nEletromagnetismo<br \/>\nEst\u00e1gio I<br \/>\nEst\u00e1gio II<br \/>\nF\u00edsica T\u00e9rmica<br \/>\nHist\u00f3ria da Ci\u00eancia<br \/>\nLaborat\u00f3rio de Mec\u00e2nica I<br \/>\nMec\u00e2nica I<br \/>\nMec\u00e2nica II<br \/>\nOficina de Ensino de F\u00edsica I<br \/>\nOficina de Ensino de F\u00edsica II<\/td>\n<\/tr>\n<tr>\n<td style=\"width: 247.1px\">Bacharelado em Engenharia El\u00e9trica<\/td>\n<td style=\"width: 332.9px\">Mec\u00e2nica<br \/>\nOndas, \u00f3tica e termodin\u00e2mica<\/td>\n<\/tr>\n<tr>\n<td style=\"width: 247.1px\">T\u00e9cnico integrado em Edifica\u00e7\u00f5es<\/td>\n<td style=\"width: 332.9px\">\u00a0F\u00edsica I<br \/>\nF\u00edsica Aplicada<\/td>\n<\/tr>\n<tr>\n<td style=\"width: 247.1px\">T\u00e9cnico integrado em Eletrot\u00e9cnica<\/td>\n<td style=\"width: 332.9px\">F\u00edsica II<\/td>\n<\/tr>\n<tr>\n<td style=\"width: 247.1px\">T\u00e9cnico integrado em Manuten\u00e7\u00e3o e Suporte em Inform\u00e1tica<\/td>\n<td style=\"width: 332.9px\">F\u00edsica I<br \/>\nF\u00edsica III<\/td>\n<\/tr>\n<\/tbody>\n<\/table>\n<h3>Projetos de ensino<\/h3>\n<table style=\"width: 604px\">\n<tbody>\n<tr>\n<td style=\"width: 247.1px\"><strong>T\u00edtulo<\/strong><\/td>\n<td style=\"width: 332.9px\"><strong>Per\u00edodo<\/strong><\/td>\n<td style=\"width: 332.9px\"><strong>Coordenador(a)<\/strong><\/td>\n<td style=\"width: 332.9px\"><strong>Equipe<\/strong><\/td>\n<td style=\"width: 332.9px\"><strong>Arquivos<\/strong><\/td>\n<\/tr>\n<tr>\n<td style=\"width: 247.1px\">Fundamentos de Matem\u00e1tica e F\u00edsica para Cursos Superiores<\/td>\n<td style=\"width: 332.9px\">05\/2018 a 08\/2018<\/td>\n<td style=\"width: 332.9px\">Rodrigo Claudino Diogo<\/td>\n<td style=\"width: 332.9px\">Carmencita Ferreira Silva Assis, Dominike Pacine de Andrade Deus e Rodrigo Ferreira Marinho<\/td>\n<td style=\"width: 332.9px\"><a href=\"http:\/\/docentes.ifg.edu.br\/rcdiogo\/wp-content\/uploads\/sites\/14\/2020\/07\/2018-01-Projeto-de-Ensino.pdf\">Projeto<\/a><\/p>\n<p><a href=\"http:\/\/docentes.ifg.edu.br\/rcdiogo\/wp-content\/uploads\/sites\/14\/2020\/07\/RelatorioProjetoEnsino-Fundamentos.pdf\">Relat\u00f3rio<\/a><\/p>\n<p><a href=\"http:\/\/docentes.ifg.edu.br\/rcdiogo\/wp-content\/uploads\/sites\/14\/2020\/07\/Fundamentos-de-Matem\u00e1tica-e-F\u00edsica-para-Cursos-Superiores.pdf\">Certifica\u00e7\u00e3o dos alunos<\/a><\/td>\n<\/tr>\n<tr>\n<td style=\"width: 247.1px\">Atividade preparat\u00f3ria para as Olimp\u00edadas de F\u00edsica 2018 (OBF) e (OBFEP) para alunos do Ensino M\u00e9dio do IFG \u2013 C\u00e2mpus Jata\u00ed<\/td>\n<td style=\"width: 332.9px\">05\/2018 a 11\/2018<\/td>\n<td style=\"width: 332.9px\">Rodrigo Ferreira Marinho<\/td>\n<td style=\"width: 332.9px\">Dominike Pacine de Andrade Deus, Felippe Guimar\u00e3es Maciel, Rodrigo Claudino Diogo e\u00a0 Wellington Vieira Ferreira<\/td>\n<td style=\"width: 332.9px\"><a href=\"http:\/\/docentes.ifg.edu.br\/rcdiogo\/wp-content\/uploads\/sites\/14\/2020\/07\/relatorio-projeto-ensino-olimpiadas.pdf\">Relat\u00f3rio<\/a><\/td>\n<\/tr>\n<\/tbody>\n<\/table>\n<h3>Comiss\u00f5es<\/h3>\n<table style=\"width: 604px\">\n<tbody>\n<tr>\n<td style=\"width: 247.1px\"><strong>Comiss\u00e3o<\/strong><\/td>\n<td style=\"width: 332.9px\"><strong>Per\u00edodo<\/strong><\/td>\n<td style=\"width: 332.9px\"><strong>Fun\u00e7\u00e3o<\/strong><\/td>\n<td style=\"width: 332.9px\"><strong>Arquivos<\/strong><\/td>\n<\/tr>\n<tr>\n<td style=\"width: 247.1px\">N\u00facleo Docente Estruturante do curso de licenciatura em F\u00edsica<\/td>\n<td style=\"width: 332.9px\">A partir de 03\/2020<\/td>\n<td style=\"width: 332.9px\">Integrante<\/td>\n<td style=\"width: 332.9px\"><a href=\"http:\/\/docentes.ifg.edu.br\/rcdiogo\/wp-content\/uploads\/sites\/14\/2020\/07\/2020-NDE-Licenciatura-Circular.pdf\">Circular <\/a><\/td>\n<\/tr>\n<tr>\n<td style=\"width: 247.1px\">\u00a0Comiss\u00e3o Respons\u00e1vel pela elabora\u00e7\u00e3o da<br \/>\nProposta do Curso de Doutorado Profissional em Educa\u00e7\u00e3o para Ci\u00eancias e Matem\u00e1tica do C\u00e2mpus Jata\u00ed<br \/>\ndo IFG<\/td>\n<td style=\"width: 332.9px\">De 07\/2019 a 09\/2019<\/td>\n<td style=\"width: 332.9px\">Integrante<\/td>\n<td style=\"width: 332.9px\">\u00a0<a href=\"http:\/\/docentes.ifg.edu.br\/rcdiogo\/wp-content\/uploads\/sites\/14\/2020\/07\/2019-Portaria_1592_2019_comissao_doutorado-Cadastrado-Lattes.pdf\">Portaria<\/a><\/td>\n<\/tr>\n<\/tbody>\n<\/table>\n","protected":false},"excerpt":{"rendered":"<p>Ningu\u00e9m educa ningu\u00e9m, ningu\u00e9m educa a si mesmo, os homens se educam entre si, mediatizados pelo mundo. Paulo Freire. Doc\u00eancia Tenho experi\u00eancia na doc\u00eancia na rede p\u00fablica estadual de Goi\u00e1s e tamb\u00e9m ministrei aulas em escolas particulares e em cursinho comunit\u00e1rios enquanto era estudante do curso de licenciatura em F\u00edsica da Universidade Federal de Goi\u00e1s. &#8230; <a title=\"Ensino\" class=\"read-more\" href=\"https:\/\/docentes.ifg.edu.br\/rcdiogo\/atividades\/ensino\/\" aria-label=\"Read more about Ensino\">Ler mais<\/a><\/p>\n","protected":false},"author":22,"featured_media":0,"parent":66,"menu_order":0,"comment_status":"closed","ping_status":"closed","template":"","meta":{"footnotes":""},"class_list":["post-27","page","type-page","status-publish"],"_links":{"self":[{"href":"https:\/\/docentes.ifg.edu.br\/rcdiogo\/wp-json\/wp\/v2\/pages\/27"}],"collection":[{"href":"https:\/\/docentes.ifg.edu.br\/rcdiogo\/wp-json\/wp\/v2\/pages"}],"about":[{"href":"https:\/\/docentes.ifg.edu.br\/rcdiogo\/wp-json\/wp\/v2\/types\/page"}],"author":[{"embeddable":true,"href":"https:\/\/docentes.ifg.edu.br\/rcdiogo\/wp-json\/wp\/v2\/users\/22"}],"replies":[{"embeddable":true,"href":"https:\/\/docentes.ifg.edu.br\/rcdiogo\/wp-json\/wp\/v2\/comments?post=27"}],"version-history":[{"count":12,"href":"https:\/\/docentes.ifg.edu.br\/rcdiogo\/wp-json\/wp\/v2\/pages\/27\/revisions"}],"predecessor-version":[{"id":160,"href":"https:\/\/docentes.ifg.edu.br\/rcdiogo\/wp-json\/wp\/v2\/pages\/27\/revisions\/160"}],"up":[{"embeddable":true,"href":"https:\/\/docentes.ifg.edu.br\/rcdiogo\/wp-json\/wp\/v2\/pages\/66"}],"wp:attachment":[{"href":"https:\/\/docentes.ifg.edu.br\/rcdiogo\/wp-json\/wp\/v2\/media?parent=27"}],"curies":[{"name":"wp","href":"https:\/\/api.w.org\/{rel}","templated":true}]}}