{"id":15,"date":"2020-07-15T23:26:55","date_gmt":"2020-07-16T02:26:55","guid":{"rendered":"http:\/\/docentes.ifg.edu.br\/rcdiogo\/?page_id=15"},"modified":"2020-07-28T20:59:52","modified_gmt":"2020-07-28T23:59:52","slug":"catalogo","status":"publish","type":"page","link":"https:\/\/docentes.ifg.edu.br\/rcdiogo\/catalogo\/","title":{"rendered":"Cat\u00e1logo"},"content":{"rendered":"<p>A seguir encontra-se o registro das principais atividades e a\u00e7\u00f5es que foram, recentemente, desenvolvidas:<\/p>\n<p>[google-drive-embed url=&#8221;https:\/\/docs.google.com\/spreadsheets\/d\/12NbJeLap56Wgxnd3YagHWikrwmO0KFuj6MJth_LM_As\/preview?usp=drivesdk&#8221; title=&#8221;Relatorio Publico&#8221; icon=&#8221;https:\/\/drive-thirdparty.googleusercontent.com\/16\/type\/application\/vnd.google-apps.spreadsheet&#8221; width=&#8221;100%&#8221; height=&#8221;600&#8243; style=&#8221;embed&#8221;]<\/p>\n","protected":false},"excerpt":{"rendered":"<p>A seguir encontra-se o registro das principais atividades e a\u00e7\u00f5es que foram, recentemente, desenvolvidas: [google-drive-embed url=&#8221;https:\/\/docs.google.com\/spreadsheets\/d\/12NbJeLap56Wgxnd3YagHWikrwmO0KFuj6MJth_LM_As\/preview?usp=drivesdk&#8221; title=&#8221;Relatorio Publico&#8221; icon=&#8221;https:\/\/drive-thirdparty.googleusercontent.com\/16\/type\/application\/vnd.google-apps.spreadsheet&#8221; width=&#8221;100%&#8221; height=&#8221;600&#8243; style=&#8221;embed&#8221;]<\/p>\n","protected":false},"author":22,"featured_media":0,"parent":0,"menu_order":0,"comment_status":"closed","ping_status":"closed","template":"","meta":{"footnotes":""},"class_list":["post-15","page","type-page","status-publish"],"_links":{"self":[{"href":"https:\/\/docentes.ifg.edu.br\/rcdiogo\/wp-json\/wp\/v2\/pages\/15"}],"collection":[{"href":"https:\/\/docentes.ifg.edu.br\/rcdiogo\/wp-json\/wp\/v2\/pages"}],"about":[{"href":"https:\/\/docentes.ifg.edu.br\/rcdiogo\/wp-json\/wp\/v2\/types\/page"}],"author":[{"embeddable":true,"href":"https:\/\/docentes.ifg.edu.br\/rcdiogo\/wp-json\/wp\/v2\/users\/22"}],"replies":[{"embeddable":true,"href":"https:\/\/docentes.ifg.edu.br\/rcdiogo\/wp-json\/wp\/v2\/comments?post=15"}],"version-history":[{"count":5,"href":"https:\/\/docentes.ifg.edu.br\/rcdiogo\/wp-json\/wp\/v2\/pages\/15\/revisions"}],"predecessor-version":[{"id":164,"href":"https:\/\/docentes.ifg.edu.br\/rcdiogo\/wp-json\/wp\/v2\/pages\/15\/revisions\/164"}],"wp:attachment":[{"href":"https:\/\/docentes.ifg.edu.br\/rcdiogo\/wp-json\/wp\/v2\/media?parent=15"}],"curies":[{"name":"wp","href":"https:\/\/api.w.org\/{rel}","templated":true}]}}