{"id":110,"date":"2020-07-17T22:18:33","date_gmt":"2020-07-18T01:18:33","guid":{"rendered":"http:\/\/docentes.ifg.edu.br\/rcdiogo\/?page_id=110"},"modified":"2020-08-25T15:48:05","modified_gmt":"2020-08-25T18:48:05","slug":"contato","status":"publish","type":"page","link":"https:\/\/docentes.ifg.edu.br\/rcdiogo\/contato\/","title":{"rendered":"Contato"},"content":{"rendered":"<p><strong>Prof. Rodrigo Claudino Diogo<\/strong><br \/>\nInstituto Federal de Educa\u00e7\u00e3o, Ci\u00eancia e Tecnologia de Goi\u00e1s (IFG), C\u00e2mpus Jata\u00ed<br \/>\n<br \/>\n<strong><em>Unidade Flamboyant<\/em> <\/strong><\/p>\n<p><strong>Local:<\/strong> Sala dos professores do Curso de Licenciatura em F\u00edsica \u2013 Bloco 500<br \/>\n<strong>Veja no mapa<\/strong>:<\/p>\n<p>\n<!-- iframe plugin v.6.0 wordpress.org\/plugins\/iframe\/ -->\n<iframe loading=\"lazy\" src=\"https:\/\/www.google.com\/maps\/embed?pb=!1m18!1m12!1m3!1d3797.2895146433966!2d-51.73742208615475!3d-17.87191108778994!2m3!1f0!2f0!3f0!3m2!1i1024!2i768!4f13.1!3m3!1m2!1s0x93626b85c252f0ef%3A0xe38a54436e73a018!2sInstituto%20Federal%20de%20Educa%C3%A7%C3%A3o%2C%20Ci%C3%AAncia%20e%20Tecnologia%20de%20Goi%C3%A1s%20-%20Campus%20Jata%C3%AD%2C%20Unidade%20Flamboyant!5e0!3m2!1spt-BR!2sbr!4v1598381155658!5m2!1spt-BR!2sbr\" width=\"400\" height=\"300\" frameborder=\"0\" style=\"border:0;\" allowfullscreen aria-hidden=\"false\" 0=\"tabindex=&quot;0&quot;&gt;\" scrolling=\"yes\" class=\"iframe-class\"><\/iframe>\n<br \/>\n<br \/>\n<strong><em>Unidade Riachuelo<\/em> <\/strong><\/p>\n<p><strong>Local:<\/strong> Salas dos professores do programa de p\u00f3s-gradua\u00e7\u00e3o (salas de estudos e orienta\u00e7\u00f5es)<br \/>\n<strong>Veja no mapa<\/strong>:<br \/>\n<br \/>\n\n<!-- iframe plugin v.6.0 wordpress.org\/plugins\/iframe\/ -->\n<iframe loading=\"lazy\" src=\"https:\/\/www.google.com\/maps\/embed?pb=!1m18!1m12!1m3!1d3796.95257725083!2d-51.73256668615435!3d-17.887670887780576!2m3!1f0!2f0!3f0!3m2!1i1024!2i768!4f13.1!3m3!1m2!1s0x93626c6367c2cc5b%3A0x1aeaf5b8d88860f7!2sInstituto%20Federal%20de%20Educa%C3%A7%C3%A3o%2C%20Ci%C3%AAncia%20e%20Tecnologia%20de%20Goi%C3%A1s!5e0!3m2!1spt-BR!2sbr!4v1598380950137!5m2!1spt-BR!2sbr\" width=\"400\" height=\"300\" frameborder=\"0\" style=\"border:0;\" allowfullscreen aria-hidden=\"false\" 0=\"tabindex=&quot;0&quot;&gt;\" scrolling=\"yes\" class=\"iframe-class\"><\/iframe>\n<br \/>\n<br \/>\n<strong>E-mail:<\/strong> <a href=\"mailto:rodrigo.diogo@ifg.edu.br\" target=\"_blank\">rodrigo.diogo@ifg.edu.br<\/a><\/p>\n","protected":false},"excerpt":{"rendered":"<p>Prof. Rodrigo Claudino Diogo Instituto Federal de Educa\u00e7\u00e3o, Ci\u00eancia e Tecnologia de Goi\u00e1s (IFG), C\u00e2mpus Jata\u00ed Unidade Flamboyant Local: Sala dos professores do Curso de Licenciatura em F\u00edsica \u2013 Bloco 500 Veja no mapa: Unidade Riachuelo Local: Salas dos professores do programa de p\u00f3s-gradua\u00e7\u00e3o (salas de estudos e orienta\u00e7\u00f5es) Veja no mapa: E-mail: rodrigo.diogo@ifg.edu.br<\/p>\n","protected":false},"author":22,"featured_media":0,"parent":0,"menu_order":0,"comment_status":"closed","ping_status":"closed","template":"","meta":{"footnotes":""},"class_list":["post-110","page","type-page","status-publish"],"_links":{"self":[{"href":"https:\/\/docentes.ifg.edu.br\/rcdiogo\/wp-json\/wp\/v2\/pages\/110"}],"collection":[{"href":"https:\/\/docentes.ifg.edu.br\/rcdiogo\/wp-json\/wp\/v2\/pages"}],"about":[{"href":"https:\/\/docentes.ifg.edu.br\/rcdiogo\/wp-json\/wp\/v2\/types\/page"}],"author":[{"embeddable":true,"href":"https:\/\/docentes.ifg.edu.br\/rcdiogo\/wp-json\/wp\/v2\/users\/22"}],"replies":[{"embeddable":true,"href":"https:\/\/docentes.ifg.edu.br\/rcdiogo\/wp-json\/wp\/v2\/comments?post=110"}],"version-history":[{"count":13,"href":"https:\/\/docentes.ifg.edu.br\/rcdiogo\/wp-json\/wp\/v2\/pages\/110\/revisions"}],"predecessor-version":[{"id":116,"href":"https:\/\/docentes.ifg.edu.br\/rcdiogo\/wp-json\/wp\/v2\/pages\/110\/revisions\/116"}],"wp:attachment":[{"href":"https:\/\/docentes.ifg.edu.br\/rcdiogo\/wp-json\/wp\/v2\/media?parent=110"}],"curies":[{"name":"wp","href":"https:\/\/api.w.org\/{rel}","templated":true}]}}