{"id":2,"date":"2017-10-10T09:05:28","date_gmt":"2017-10-10T12:05:28","guid":{"rendered":"http:\/\/docentes.ifg.edu.br\/raphaelgomes\/?page_id=2"},"modified":"2021-03-26T15:38:29","modified_gmt":"2021-03-26T18:38:29","slug":"pagina-exemplo","status":"publish","type":"page","link":"https:\/\/docentes.ifg.edu.br\/raphaelgomes\/","title":{"rendered":"Sobre"},"content":{"rendered":"<p>Raphael Gomes \u00e9 professor efetivo\u00a0no \u00a0<a href=\"http:\/\/www.ifg.edu.br\/goiania\" target=\"_blank\">Instituto Federal de Educa\u00e7\u00e3o, Ci\u00eancia e Tecnologia de Goi\u00e1s<\/a> (IFG) &#8211; C\u00e2mpus Goi\u00e2nia. Doutor em Ci\u00eancia da Computa\u00e7\u00e3o pela <a href=\"http:\/\/www.ufg.br\">Universidade Federal de Goi\u00e1s<\/a>\u00a0(UFG) com per\u00edodo sandu\u00edche no <a href=\"http:\/\/www.inria.fr\">Institut National de Recherche en Informatique et en Automatique<\/a> (INRIA), Fran\u00e7a. Possui gradua\u00e7\u00e3o (2006) e mestrado (2009) em Ci\u00eancia da Computa\u00e7\u00e3o pela Universidade Federal de Goi\u00e1s. Atualmente coordena o curso de <a href=\"http:\/\/ifg.edu.br\/ppgtps\">Mestrado Profissional de Tecnologia de Processos Sustent\u00e1veis<\/a> do IFG. Realiza\u00a0atividades de pesquisa\u00a0com \u00eanfase em Sistemas Distribu\u00eddos, atuando principalmente nos seguintes temas: Computa\u00e7\u00e3o em Nuvem, Internet das Coisas e Sistemas Adaptativos.<\/p>\n<h5><\/h5>\n<h5><strong>Forma\u00e7\u00e3o acad\u00eamica\/titula\u00e7\u00e3o<\/strong><\/h5>\n<table id=\"mytable\" style=\"width: 100%\" border=\"0\">\n<tbody>\n<tr>\n<td><strong>2012 &#8211; 2017<\/strong><\/td>\n<td>Doutorado em Ci\u00eancia da Computa\u00e7\u00e3o.<br \/>\nUniversidade Federal de Goi\u00e1s, UFG, Goi\u00e2nia, Brasil<br \/>\ncom per\u00edodo sandu\u00edche em Institut National de Recherche en Informatique et en Automatique (Orientador: <a href=\"https:\/\/mimove.inria.fr\/members\/nikolaos-georgantas\/\">Nikolaos Georgantas<\/a>)<br \/>\nT\u00edtulo: <em>Implanta\u00e7\u00e3o Eficiente de M\u00faltiplas Coreografias de Servi\u00e7os em Nuvens H\u00edbridas<\/em>, Ano de obten\u00e7\u00e3o: 2017<br \/>\nOrientador: <a href=\"http:\/\/www.inf.ufg.br\/~fmc\/\">F\u00e1bio Moreira Costa<\/a><br \/>\nCo-orientador: <a href=\"http:\/\/www.inf.ufg.br\/~ricardo\/\">Ricardo Couto Antunes da Rocha<\/a><\/td>\n<\/tr>\n<tr>\n<td><strong>2007 &#8211; 2009<\/strong><\/td>\n<td>Mestrado em Ci\u00eancia da Computa\u00e7\u00e3o.<br \/>\nUniversidade Federal de Goi\u00e1s, UFG, Goi\u00e2nia, Brasil<br \/>\nT\u00edtulo: <em>Grades Computacionais Oportunistas: Alternativas para Melhorar o Desempenho das Aplica\u00e7\u00f5es<\/em>, Ano de obten\u00e7\u00e3o: 2009<br \/>\nOrientador: <a href=\"http:\/\/www.inf.ufg.br\/~fmc\/\">F\u00e1bio Moreira Costa<\/a><br \/>\nCo-orientador: Fouad Joseph Georges<\/td>\n<\/tr>\n<tr>\n<td><strong>2003 &#8211; 2006<\/strong><\/td>\n<td>Gradua\u00e7\u00e3o em Ci\u00eancia da Computa\u00e7\u00e3o.<br \/>\nUniversidade Federal de Goi\u00e1s, UFG, Goi\u00e2nia, Brasil<br \/>\nT\u00edtulo: <em>Uso de binding expl\u00edcito no acesso a recursos distribu\u00eddos em grade<\/em>, Ano de obten\u00e7\u00e3o: 2006<br \/>\nOrientador: <a href=\"http:\/\/www.inf.ufg.br\/~fmc\/\">F\u00e1bio Moreira Costa<\/a><\/td>\n<\/tr>\n<\/tbody>\n<\/table>\n<h5><\/h5>\n<h5><strong>Contato<\/strong><\/h5>\n<p><strong>Raphael de Aquino Gomes<\/strong><br \/>\nEndere\u00e7o: Rua 75, Qd. 101, Lt. 50, Setor Central, Goi\u00e2nia-GO, CEP: 74.055-110<br \/>\nTelefone: (62) 3227-2811<br \/>\nE-mail: <a href=\"mailto:raphael.gomes@ifg.edu.br\">raphael.gomes@ifg.edu.br<\/a><\/p>\n<table class=\" alignleft\" style=\"width: 100%;float: left;border-color: #ffffff\" border=\"0\" cellspacing=\"0\" cellpadding=\"0\">\n<tbody>\n<tr>\n<td><a href=\"https:\/\/www.youracclaim.com\/badges\/ae5c9e92-1a7a-41f9-ba8f-84aebe83331e\/public_url\"><img loading=\"lazy\" decoding=\"async\" class=\"alignnone wp-image-66\" src=\"http:\/\/docentes.ifg.edu.br\/raphaelgomes\/wp-content\/uploads\/sites\/7\/2017\/10\/AWS-CloudPractitioner.png\" alt=\"AWS-CloudPractitioner\" width=\"150\" height=\"150\" \/><\/a><\/td>\n<td><a href=\"https:\/\/www.youracclaim.com\/badges\/ce6dc87e-acc6-4b3d-8582-a65abaa60dfc\/public_url\"><img loading=\"lazy\" decoding=\"async\" class=\"alignnone wp-image-67\" src=\"http:\/\/docentes.ifg.edu.br\/raphaelgomes\/wp-content\/uploads\/sites\/7\/2017\/10\/AWS-SolArchitect-Associate.png\" alt=\"AWS-SolArchitect-Associate\" width=\"150\" height=\"150\" \/><\/a><\/td>\n<td><a href=\"https:\/\/www.youracclaim.com\/badges\/b05bfbb1-1d9e-4a48-8256-ddfacbd5927c?source=linked_in_profile\"><img loading=\"lazy\" decoding=\"async\" class=\"alignnone wp-image-67\" src=\"http:\/\/docentes.ifg.edu.br\/raphaelgomes\/wp-content\/uploads\/sites\/7\/2017\/10\/AWS-Developer-Associate-2020.png\" alt=\"AWS-Developer-Associate\" width=\"150\" height=\"150\" \/><\/a><\/td>\n<td><img loading=\"lazy\" decoding=\"async\" class=\"alignnone wp-image-73\" src=\"http:\/\/docentes.ifg.edu.br\/raphaelgomes\/wp-content\/uploads\/sites\/7\/2017\/10\/academyeducator.jpg\" alt=\"academyeducator\" width=\"124\" height=\"150\" \/><\/td>\n<td><img loading=\"lazy\" decoding=\"async\" class=\"alignnone wp-image-74\" src=\"http:\/\/docentes.ifg.edu.br\/raphaelgomes\/wp-content\/uploads\/sites\/7\/2017\/10\/awsambassador.png\" alt=\"awsambassador\" width=\"303\" height=\"65\" \/><\/td>\n<\/tr>\n<\/tbody>\n<\/table>\n<h5><\/h5>\n<table class=\" alignleft\" style=\"border-color: #ffffff\" border=\"0\" cellspacing=\"0\" cellpadding=\"0\">\n<tbody>\n<tr>\n<td><a href=\"http:\/\/www.ifg.edu.br\/goiania\"><img loading=\"lazy\" decoding=\"async\" class=\"alignnone wp-image-81\" src=\"http:\/\/docentes.ifg.edu.br\/raphaelgomes\/wp-content\/uploads\/sites\/7\/2017\/10\/logo-ifg-vertical-goiania.png\" alt=\"logo-ifg-vertical-goiania\" width=\"150\" height=\"212\" \/><\/a><\/td>\n<td><a href=\"http:\/\/nextpesquisa.com.br\"><img loading=\"lazy\" decoding=\"async\" class=\"alignnone wp-image-83\" src=\"http:\/\/docentes.ifg.edu.br\/raphaelgomes\/wp-content\/uploads\/sites\/7\/2017\/10\/next.png\" alt=\"next\" width=\"191\" height=\"95\" \/><\/a><\/td>\n<td><a href=\"https:\/\/scholar.google.com\/citations?user=oA7ITs4AAAAJ&amp;hl=en\"><img loading=\"lazy\" decoding=\"async\" class=\"alignnone wp-image-84\" src=\"http:\/\/docentes.ifg.edu.br\/raphaelgomes\/wp-content\/uploads\/sites\/7\/2017\/10\/google.png\" alt=\"google\" width=\"255\" height=\"102\" \/><\/a><\/td>\n<\/tr>\n<\/tbody>\n<\/table>\n","protected":false},"excerpt":{"rendered":"<p>Raphael Gomes \u00e9 professor efetivo\u00a0no \u00a0Instituto Federal de Educa\u00e7\u00e3o, Ci\u00eancia e Tecnologia de Goi\u00e1s (IFG) &#8211; C\u00e2mpus Goi\u00e2nia. Doutor em Ci\u00eancia da Computa\u00e7\u00e3o pela Universidade Federal de Goi\u00e1s\u00a0(UFG) com per\u00edodo sandu\u00edche no Institut National de Recherche en Informatique et en Automatique (INRIA), Fran\u00e7a. Possui gradua\u00e7\u00e3o (2006) e mestrado (2009) em Ci\u00eancia da Computa\u00e7\u00e3o pela Universidade [&hellip;]<\/p>\n","protected":false},"author":11,"featured_media":0,"parent":0,"menu_order":0,"comment_status":"closed","ping_status":"open","template":"","meta":{"footnotes":""},"class_list":["post-2","page","type-page","status-publish","hentry"],"_links":{"self":[{"href":"https:\/\/docentes.ifg.edu.br\/raphaelgomes\/wp-json\/wp\/v2\/pages\/2"}],"collection":[{"href":"https:\/\/docentes.ifg.edu.br\/raphaelgomes\/wp-json\/wp\/v2\/pages"}],"about":[{"href":"https:\/\/docentes.ifg.edu.br\/raphaelgomes\/wp-json\/wp\/v2\/types\/page"}],"author":[{"embeddable":true,"href":"https:\/\/docentes.ifg.edu.br\/raphaelgomes\/wp-json\/wp\/v2\/users\/11"}],"replies":[{"embeddable":true,"href":"https:\/\/docentes.ifg.edu.br\/raphaelgomes\/wp-json\/wp\/v2\/comments?post=2"}],"version-history":[{"count":35,"href":"https:\/\/docentes.ifg.edu.br\/raphaelgomes\/wp-json\/wp\/v2\/pages\/2\/revisions"}],"predecessor-version":[{"id":114,"href":"https:\/\/docentes.ifg.edu.br\/raphaelgomes\/wp-json\/wp\/v2\/pages\/2\/revisions\/114"}],"wp:attachment":[{"href":"https:\/\/docentes.ifg.edu.br\/raphaelgomes\/wp-json\/wp\/v2\/media?parent=2"}],"curies":[{"name":"wp","href":"https:\/\/api.w.org\/{rel}","templated":true}]}}