{"id":17,"date":"2017-11-29T19:58:46","date_gmt":"2017-11-29T21:58:46","guid":{"rendered":"http:\/\/docentes.ifg.edu.br\/raphaelgomes\/?page_id=17"},"modified":"2020-08-31T17:21:18","modified_gmt":"2020-08-31T20:21:18","slug":"publications","status":"publish","type":"page","link":"https:\/\/docentes.ifg.edu.br\/raphaelgomes\/publications\/","title":{"rendered":"Publica\u00e7\u00f5es"},"content":{"rendered":"<p style=\"text-align: center\"><strong>Nota de direito autoral:<\/strong><\/p>\n<p style=\"text-align: center\">A lista de publica\u00e7\u00f5es e seus respectivos arquivos s\u00e3o providos nesta p\u00e1gina para prop\u00f3sitos educacionais e de pesquisa, de maneira n\u00e3o comercial. Os direitos autorais para a maioria dos artigos listados abaixo s\u00e3o detidos pelos peri\u00f3dicos e anais de confer\u00eancia ou volumes editados, nos quais os artigos foram publicados. O(s) autor(es) dos documentos ret\u00eam os direitos autorais bem como todos os outros direitos inerentes, apesar de tais documentos estarem dispon\u00edveis aqui de forma eletr\u00f4nica. Em caso de c\u00f3pia dos documentos providos nesta p\u00e1gina, as c\u00f3pias devem ser utilizadas de maneira aderente aos termos e restri\u00e7\u00f5es invocadas pelos direitos dos autores. Documentos n\u00e3o podem ser copiados para redistribui\u00e7\u00e3o comercial, republica\u00e7\u00e3o ou qualquer outra dissemina\u00e7\u00e3o sem a permiss\u00e3o expl\u00edcita do(s) autor(es).<\/p>\n<p>Para a lista mais atualizada de minhas publica\u00e7\u00f5es consulte no \u00a0<a href=\"https:\/\/scholar.google.fr\/citations?user=oA7ITs4AAAAJ&amp;hl=en\">Google Scholar<\/a>, <a href=\"http:\/\/dblp2.uni-trier.de\/pers\/hd\/g\/Gomes:Raphael_de_Aquino\">DBLP<\/a>, ou\u00a0<a href=\"http:\/\/lattes.cnpq.br\/4136576326278536\">Lattes<\/a>. As principais publica\u00e7\u00f5es s\u00e3o listadas abaixo:<\/p>\n<p>&nbsp;<\/p>\n<p><b>Artigos completos publicados em peri\u00f3dicos:<\/b><\/p>\n<ul>\n<li style=\"padding-bottom: 10px\"><a href=\"http:\/\/dx.doi.org\/10.1016\/j.future.2019.01.023\" target=\"_blank\"><img loading=\"lazy\" decoding=\"async\" style=\"float: left;margin-right: 5px\" title=\"Click to access the paper\" src=\"https:\/\/wwws.cnpq.br\/images\/estatico\/imagens\/ico_doi.gif\" width=\"30\" height=\"11\" border=\"0\" \/><\/a> FARIA, KENYO ABADIO CROSARA ; <strong>de Aquino Gomes, Raphael<\/strong> ; DE ANDRADE FREITAS, EDUARDO NORONHA ; VINCENZI, AURI MARCELO RIZZO . On using collaborative economy for test cost reduction in high fragmented environments. Future Generation Computer Systems, v. 95, p. 502-510, 2019.<\/li>\n<li style=\"padding-bottom: 10px\">\u00a0<a href=\"http:\/\/dx.doi.org\/10.1002\/cpe.1707\" target=\"_blank\"><img decoding=\"async\" class=\"alignleft\" title=\"Click to access the paper\" src=\"https:\/\/wwws.cnpq.br\/images\/estatico\/imagens\/ico_doi.gif\" border=\"0\" \/><\/a><strong> GOMES, R. A.<\/strong>; Costa, F\u00e1bio M.<br \/>\nAn approach to enhance the efficiency of opportunistic grids. Concurrency and Computation.\u00a0<img decoding=\"async\" class=\"tooltip\" src=\"https:\/\/wwws.cnpq.br\/images\/estatico\/imagens\/ico_jcr.gif\" alt=\"Fator de Impacto(2016 JCR): 1,1330\" border=\"0\" \/>, v.23, p.2092 &#8211; 2106, 2011.<br \/>\n<i><br \/>\n<\/i><\/li>\n<\/ul>\n<p>&nbsp;<\/p>\n<p><b>Cap\u00edtulos de livros publicados:<\/b><\/p>\n<ul>\n<li style=\"padding-bottom: 10px\"><strong><a href=\"http:\/\/dx.doi.org\/10.1007\/978-3-319-94370-1_6\" target=\"_blank\"><img decoding=\"async\" class=\"alignleft\" title=\"Click to access the paper\" src=\"https:\/\/wwws.cnpq.br\/images\/estatico\/imagens\/ico_doi.gif\" border=\"0\" \/><\/a>Gomes, Raphael<\/strong>; Bouloukakis, Georgios ; Costa, F\u00e1bio ; Georgantas, Nikolaos ; da Rocha, Ricardo . QoS-Aware Resource Allocation for Mobile IoT Pub\/Sub Systems. Lecture Notes in Computer Science. 1ed.: Springer International Publishing, 2018, v. , p. 70-87.<\/li>\n<li style=\"padding-bottom: 10px\"><strong><a href=\"http:\/\/dx.doi.org\/10.1007\/978-3-319-33313-7_11\" target=\"_blank\"><img decoding=\"async\" class=\"alignleft\" title=\"Click to access the paper\" src=\"https:\/\/wwws.cnpq.br\/images\/estatico\/imagens\/ico_doi.gif\" border=\"0\" \/><\/a>Gomes, Raphael<\/strong>; Lima, J\u00fanio ; Costa, F\u00e1bio ; da Rocha, Ricardo ; Georgantas, Nikolaos . A Model-Based Approach for the Pragmatic Deployment of Service Choreographies. In: Antonio Celesti; Philipp Leitner. (Org.). Communications in Computer and Information Science. 1ed.: Springer International Publishing, 2016, v. 567, p. 153-165.<\/li>\n<li style=\"padding-bottom: 10px\"><strong><a href=\"http:\/\/dx.doi.org\/10.1007\/978-3-319-13464-2_10\" target=\"_blank\"><img decoding=\"async\" class=\"alignleft\" title=\"Click to access the paper\" src=\"https:\/\/wwws.cnpq.br\/images\/estatico\/imagens\/ico_doi.gif\" border=\"0\" \/><\/a>Gomes, Raphael<\/strong>; Costa, Fabio ; Rocha, Ricardo . Analysing Scalability Strategies for Service Choreographies on Cloud Environments. In: Pop, Florin;Potop-Butucaru, Maria. (Org.). Lecture Notes in Computer Science. 1ed.: Springer International Publishing, 2014, v. 8907, p. 128-143.<\/li>\n<\/ul>\n<p>&nbsp;<\/p>\n<p><b>Trabalhos completos publicados em anais de congressos:<\/b><\/p>\n<ul>\n<li style=\"padding-bottom: 10px\"><strong><a href=\"http:\/\/dx.doi.org\/10.1109\/eeeic.2019.8783435\" target=\"_blank\"><img decoding=\"async\" class=\"alignleft\" title=\"Click to access the paper\" src=\"https:\/\/wwws.cnpq.br\/images\/estatico\/imagens\/ico_doi.gif\" border=\"0\" \/><\/a><\/strong>MARTINS, ANDRE MENDES ; GUIMARAES MEDEIROS, CARLOS AUGUSTO ; DOMINGOS, JOSE LUIS ; REIS, MARCIO RODRIGUES ; PACHECO, WESLEY CALIXTO ; <strong>de Aquino Gomes, Raphael<\/strong> . Minimization of the electricity bill of Brazilian consumers with PV system through the optimization of contracting demand and the orientation of photovoltaic panels. In: 2019 IEEE International Conference on Environment and Electrical Engineering and 2019 IEEE Industrial and Commercial Power Systems Europe (EEEIC \/ I&amp;CPS Europe), 2019, Genova. 2019 IEEE International Conference on Environment and Electrical Engineering and 2019 IEEE Industrial and Commercial Power Systems Europe (EEEIC \/ I&amp;CPS Europe), 2019. p. 1.<\/li>\n<li style=\"padding-bottom: 10px\"><strong><a href=\"http:\/\/dx.doi.org\/10.1145\/3286719.3286726\" target=\"_blank\"><img decoding=\"async\" class=\"alignleft\" title=\"Click to access the paper\" src=\"https:\/\/wwws.cnpq.br\/images\/estatico\/imagens\/ico_doi.gif\" border=\"0\" \/><\/a><\/strong>Costa, F\u00e1bio M. ; Georgantas, Nikolaos ; <strong>GOMES, RAPHAEL DE A.<\/strong> ; DA ROCHA, RICARDO C. A. ; Bouloukakis, Georgios . Cross-layer QoS-Aware Resource Allocation for IoT-Enabled Service Choreographies. In: the 5th Workshop, 2018, Rennes. Proceedings of the 5th Workshop on Middleware and Applications for the Internet of Things &#8211; M4IoT&#8217;18. New York: ACM Press, 2018. p. 31.<\/li>\n<li style=\"padding-bottom: 10px\">MOTA, R. S. ; SILVA, P. D. S. ; SOUZA, C. S. ;<strong> GOMES, R. A.<\/strong> . Um Framework para Descoberta de Recursos usando Computa\u00e7\u00e3o nas Nuvens. In: 3\u00ba ENCompIF &#8211; Encontro Nacional de Computa\u00e7\u00e3o dos Institutos Federais, 2016, Porto Alegre. Anais do XXXVI Congresso da Sociedade Brasileira de Computa\u00e7\u00e3o, 2016.<\/li>\n<li style=\"padding-bottom: 10px\">LOPES, C. R. ; ARAUJO, B. F. A. ; <strong>GOMES, R. A.<\/strong> ; SILVA, C. K. F. ; ABRAHAO, V. A. . Avalia\u00e7\u00e3o da Metodologia de Gest\u00e3o de Estoques de Micro e Pequena Empresa no Munic\u00edpio de An\u00e1polis. In: XXXIV Encontro Nacional de Engenharia de Produ\u00e7\u00e3o, 2014, Curitiba. Anais do XXXIV Encontro Nacional de Engenharia de Produ\u00e7\u00e3o, 2014.<\/li>\n<li style=\"padding-bottom: 10px\"><strong>Gomes, Raphael<\/strong>; Costa, F\u00e1bio ; da Rocha, Ricardo ; Georgantas, Nikolaos . A middleware-based approach for QoS-aware deployment of service choreography in the cloud. In: the 11th Middleware Doctoral Symposium, 2014, Bordeaux. Proceedings of the 11th Middleware Doctoral Symposium on &#8211; MDS &#8217;14, 2014. p. 1.<\/li>\n<li style=\"padding-bottom: 10px\"><strong>Gomes, Raphael<\/strong>; Costa, Fabio ; BENCOMO, NELLY . On modeling and satisfaction of non-functional requirements using cloud computing. In: 2013 IEEE Latin America Conference on Cloud Computing and Communications (LatinCloud), 2013, Maceio. 2nd IEEE Latin American Conference on Cloud Computing and Communications, 2013. p. 1.<\/li>\n<li style=\"padding-bottom: 10px\"><strong>GOMES, R. A.<\/strong>; LIMA, J. ; FERREIRA, D. ; LOPES, C. ; NISHI, L. . Um M\u00e9todo para Facilita\u00e7\u00e3o do Ensino de Programa\u00e7\u00e3o em Cursos T\u00e9cnicos Integrados ao Ensino M\u00e9dio. In: VIII Congresso Norte Nordeste de Pesquisa e Inova\u00e7\u00e3o, 2013, Salvador &#8211; BA. Anais do VIII Congresso Norte Nordeste de Pesquisa e Inova\u00e7\u00e3o, 2013.<\/li>\n<li style=\"padding-bottom: 10px\"><strong>GOMES, R. A<\/strong>.; RIBEIRO, J. A. ; GOMIDE, R. S. ; CAMPOS, L. M. C. . Desmistifica\u00e7\u00e3o do Uso de Software Livre: Experi\u00eancia no Estado de Goi\u00e1s. In: I Semin\u00e1rio Nacional de Inclus\u00e3o Digital, 2012, Passo Fundo &#8211; RS. Anais do I Semin\u00e1rio Nacional de Inclus\u00e3o Digital e Software Livre, 2012.<\/li>\n<li style=\"padding-bottom: 10px\"><strong>GOMES, R. A.<\/strong>; DIAS, E. S. ; SANTANA, M. C. ; CACERES, E. N. ; MARTINS, W. . Implementa\u00e7\u00f5es Paralelas para Fecho Transitivo. In: Congresso Latino-Iberoamericano de Investigaci\u00f3n Operativa \/ Simp\u00f3sio Brasileiro de Pesquisa Operacional, 2012, Rio de Janeiro &#8211; RJ. Anais do CLAIO \/ SBPO 2012, 2012.<\/li>\n<li style=\"padding-bottom: 10px\">FERRO, P. H. S. ; CAVALCANTE, A. U. M. ; <strong>GOMES, R. A.<\/strong> ; BARTHOLO, M. G. P. . Estado Atual e Perspectivas para Tratamento de Lixo Eletr\u00f4nico em Goi\u00e2nia &#8211; GO. In: VII Congresso Norte Nordeste de Pesquisa e Inova\u00e7\u00e3o, 2012, Palmas &#8211; TO. Anais do VII Congresso Norte Nordeste de Pesquisa e Inova\u00e7\u00e3o, 2012.<\/li>\n<li style=\"padding-bottom: 10px\"><strong>GOMES, RAPHAEL DE A.<\/strong>; COSTA, F\u00c1BIO MOREIRA ; GEORGES, FOUAD JOSEPH . Enhancing the efficiency of resource usage on opportunistic grids. In: the 7th International Workshop, 2009, Urbana Champaign. Proceedings of the 7th International Workshop on Middleware for Grids, Clouds and e-Science &#8211; MGC &#8217;09. New York: ACM Press, 2009. p. 1.<\/li>\n<li style=\"padding-bottom: 10px\"><strong>de Aquino Gomes, Raphael<\/strong>; COSTA, F\u00c1BIO MOREIRA ; GEORGES, FOUAD JOSEPH . Achieving better performance through true best effort in scavenging grid computing. In: the 2008 Euro American Conference, 2008, Aracaju. Proceedings of the 2008 Euro American Conference on Telematics and Information Systems &#8211; EATIS &#8217;08. New York: ACM Press, 2008. p. 1-6.<\/li>\n<li style=\"padding-bottom: 10px\"><strong>GOMES, R. A.<\/strong>; COSTA, F. M. ; GEORGES, F. J. . Adapta\u00e7\u00e3o Din\u00e2mica e An\u00e1lise de Aplica\u00e7\u00f5es Locais para Melhoria de Desempenho em Grades Oportunistas. In: V Congresso de Pesquisa, Ensino e Extens\u00e3o &#8211; V CONPEEX, 2008, Goi\u00e2nia. Anais do V CONPEEX, 2008.<\/li>\n<\/ul>\n","protected":false},"excerpt":{"rendered":"<p>Nota de direito autoral: A lista de publica\u00e7\u00f5es e seus respectivos arquivos s\u00e3o providos nesta p\u00e1gina para prop\u00f3sitos educacionais e de pesquisa, de maneira n\u00e3o comercial. Os direitos autorais para a maioria dos artigos listados abaixo s\u00e3o detidos pelos peri\u00f3dicos e anais de confer\u00eancia ou volumes editados, nos quais os artigos foram publicados. O(s) autor(es) [&hellip;]<\/p>\n","protected":false},"author":11,"featured_media":0,"parent":0,"menu_order":0,"comment_status":"closed","ping_status":"closed","template":"","meta":{"footnotes":""},"class_list":["post-17","page","type-page","status-publish","hentry"],"_links":{"self":[{"href":"https:\/\/docentes.ifg.edu.br\/raphaelgomes\/wp-json\/wp\/v2\/pages\/17"}],"collection":[{"href":"https:\/\/docentes.ifg.edu.br\/raphaelgomes\/wp-json\/wp\/v2\/pages"}],"about":[{"href":"https:\/\/docentes.ifg.edu.br\/raphaelgomes\/wp-json\/wp\/v2\/types\/page"}],"author":[{"embeddable":true,"href":"https:\/\/docentes.ifg.edu.br\/raphaelgomes\/wp-json\/wp\/v2\/users\/11"}],"replies":[{"embeddable":true,"href":"https:\/\/docentes.ifg.edu.br\/raphaelgomes\/wp-json\/wp\/v2\/comments?post=17"}],"version-history":[{"count":23,"href":"https:\/\/docentes.ifg.edu.br\/raphaelgomes\/wp-json\/wp\/v2\/pages\/17\/revisions"}],"predecessor-version":[{"id":111,"href":"https:\/\/docentes.ifg.edu.br\/raphaelgomes\/wp-json\/wp\/v2\/pages\/17\/revisions\/111"}],"wp:attachment":[{"href":"https:\/\/docentes.ifg.edu.br\/raphaelgomes\/wp-json\/wp\/v2\/media?parent=17"}],"curies":[{"name":"wp","href":"https:\/\/api.w.org\/{rel}","templated":true}]}}