{"id":8,"date":"2017-10-30T12:47:37","date_gmt":"2017-10-30T14:47:37","guid":{"rendered":"http:\/\/docentes.ifg.edu.br\/noronha\/?page_id=8"},"modified":"2020-10-17T21:21:35","modified_gmt":"2020-10-18T00:21:35","slug":"home","status":"publish","type":"page","link":"https:\/\/docentes.ifg.edu.br\/noronha\/","title":{"rendered":"Sobre"},"content":{"rendered":"<h5><img loading=\"lazy\" decoding=\"async\" class=\"alignleft size-full wp-image-83\" src=\"http:\/\/docentes.ifg.edu.br\/noronha\/wp-content\/uploads\/sites\/3\/2017\/11\/3fcff5f.jpg\" alt=\"3fcff5f\" width=\"333\" height=\"333\" \/><\/h5>\n<p style=\"text-align: justify\"><strong>SOBRE<br \/>\n<\/strong>Eduardo Noronha Andrade Freitas \u00e9 formado em Ci\u00eancia da Computa\u00e7\u00e3o (2000), especialista em Qualidade de Software (2003), mestre em Engenharia El\u00e9trica e de Computa\u00e7\u00e3o (2006), e doutor em Ci\u00eancia da Computa\u00e7\u00e3o (2016) com per\u00edodo sandu\u00edche na Georgia Tech (Atlanta-EUA), onde colaborou na startup Checkdroid (hoje www.moquality.com) entre 2013 e 2015. Atuou como Gestor de Tecnologia da Informa\u00e7\u00e3o na Secretaria de Seguran\u00e7a P\u00fablica do Estado de Goi\u00e1s entre 2006 e 2010, participando do desenvolvimento e implementa\u00e7\u00e3o de processos e sistemas estrat\u00e9gicos. Desenvolveu tamb\u00e9m v\u00e1rios projetos de planejamento estrat\u00e9gico e an\u00e1lise de dados nos setores p\u00fablico e privado em diversas \u00e1reas: energia, sa\u00fade, educa\u00e7\u00e3o, seguran\u00e7a, esportes, e pol\u00edtica. Desde 2010, atua como professor e pesquisador no Instituto Federal de Goi\u00e1s (IFG). \u00c9 master coach certificado pela International Coaching Federation (ICF) pela Creative Results (New York &#8211; EUA), coordenou o Programa C\u00e9lulas Empreendedoras IF no estado de Goi\u00e1s para o desenvolvimento do ecossistema de startups, e atualmente \u00e9 Coordenador de Desenvolvimento de RH no Polo de Inova\u00e7\u00e3o Embrapii (IFG), e Coordenador da P\u00f3s Gradua\u00e7\u00e3o em Intelig\u00eancia Artificial Aplicada do IFG. Possui vasta experi\u00eancia no desenvolvimento de solu\u00e7\u00f5es computacionais, principalmente nas seguintes \u00e1reas: Sistemas de suporte \u00e0 decis\u00e3o, Intelig\u00eancia Artificial, Teste de Software para dispositivos m\u00f3veis, Engenharia de Software baseado em Busca, Planejamento e Execu\u00e7\u00e3o Estrat\u00e9gica, Gest\u00e3o de Carreira e Empreendedorismo. Pode ser contactado em: eduardonaf@gmail.com.<\/p>\n<h4 style=\"text-align: center\"><strong>Forma\u00e7\u00e3o acad\u00eamica\/titula\u00e7\u00e3o<\/strong><\/h4>\n<p style=\"text-align: justify\"><strong>2011 &#8211; 2016 |\u00a0Doutorado em Ci\u00eancia da Computa\u00e7\u00e3o.<\/strong><br \/>\nUniversidade Federal de Goi\u00e1s, UFG, Brasil.<br \/>\nPer\u00edodo Sandu\u00edche (Georgia Tech, Atlanta &#8211; EUA)<br \/>\nT\u00edtulo: SCOUT: A Multi-objective Method to Select Components in Designing Unit Testing, Ano de obten\u00e7\u00e3o: 2016.<br \/>\nOrientador:\u00a0Auri Marcello Rizzo Vincenzi.<br \/>\nCoorientador: Celso Gon\u00e7alves Camilo J\u00fanior.<br \/>\nSuprevis\u00e3o (Georgia Tech &#8211; EUA):\u00a0Alex Orso<br \/>\nBolsista da: Coordena\u00e7\u00e3o de Aperfei\u00e7oamento de Pessoal de N\u00edvel Superior, CAPES, Brasil.<\/p>\n<p><strong>2004 &#8211; 2006 |\u00a0Mestrado em Engenharia El\u00e9trica e de Computa\u00e7\u00e3o\u00a0(Conceito CAPES 4).\u00a0<\/strong><br \/>\nUniversidade Federal de Goi\u00e1s, UFG, Brasil.<br \/>\nT\u00edtulo: DYNAMIS: Framework de Simula\u00e7\u00e3o de Mercados Hidrot\u00e9rmicos de Energia com Despacho Centralizado Baseado na Tecnologia Multiagentes,Ano de Obten\u00e7\u00e3o: 2006.<br \/>\nOrientador: Dr. Wagner da Silva Lima.<\/p>\n<p><strong>2001 \u2013 2002 | Especializa\u00e7\u00e3o em Tecnologia da Informa\u00e7\u00e3o. (Carga Hor\u00e1ria: 440h).\u00a0<\/strong><br \/>\nUniversidade Salgado de Oliveira, UNIVERSO, Brasil.<br \/>\nT\u00edtulo: FASPICE &#8211; Ferramenta de Apoio ao SPICE.<br \/>\nOrientador: Edigar Diniz J\u00fanior.<\/p>\n<p><strong>1997 \u2013 2000 | Gradua\u00e7\u00e3o em Ci\u00eancia da Computa\u00e7\u00e3o.\u00a0<\/strong><br \/>\nInstituto Unificado de Ensino Superior Objetivo, IUESO, Brasil.<br \/>\nTCC: I-Commerce: Com\u00e9rcio Eletr\u00f4nico pela Internet<br \/>\nOrientador: Wilton Souza de Alencar<\/p>\n","protected":false},"excerpt":{"rendered":"<p>SOBRE Eduardo Noronha Andrade Freitas \u00e9 formado em Ci\u00eancia da Computa\u00e7\u00e3o (2000), especialista em Qualidade de Software (2003), mestre em Engenharia El\u00e9trica e de Computa\u00e7\u00e3o (2006), e doutor em Ci\u00eancia da Computa\u00e7\u00e3o (2016) com per\u00edodo sandu\u00edche na Georgia Tech (Atlanta-EUA), onde colaborou na startup Checkdroid (hoje www.moquality.com) entre 2013 e 2015. Atuou como Gestor de &#8230; <a title=\"Sobre\" class=\"read-more\" href=\"https:\/\/docentes.ifg.edu.br\/noronha\/\" aria-label=\"Read more about Sobre\">Ler mais<\/a><\/p>\n","protected":false},"author":13,"featured_media":0,"parent":0,"menu_order":0,"comment_status":"closed","ping_status":"closed","template":"","meta":{"footnotes":""},"class_list":["post-8","page","type-page","status-publish"],"_links":{"self":[{"href":"https:\/\/docentes.ifg.edu.br\/noronha\/wp-json\/wp\/v2\/pages\/8"}],"collection":[{"href":"https:\/\/docentes.ifg.edu.br\/noronha\/wp-json\/wp\/v2\/pages"}],"about":[{"href":"https:\/\/docentes.ifg.edu.br\/noronha\/wp-json\/wp\/v2\/types\/page"}],"author":[{"embeddable":true,"href":"https:\/\/docentes.ifg.edu.br\/noronha\/wp-json\/wp\/v2\/users\/13"}],"replies":[{"embeddable":true,"href":"https:\/\/docentes.ifg.edu.br\/noronha\/wp-json\/wp\/v2\/comments?post=8"}],"version-history":[{"count":15,"href":"https:\/\/docentes.ifg.edu.br\/noronha\/wp-json\/wp\/v2\/pages\/8\/revisions"}],"predecessor-version":[{"id":242,"href":"https:\/\/docentes.ifg.edu.br\/noronha\/wp-json\/wp\/v2\/pages\/8\/revisions\/242"}],"wp:attachment":[{"href":"https:\/\/docentes.ifg.edu.br\/noronha\/wp-json\/wp\/v2\/media?parent=8"}],"curies":[{"name":"wp","href":"https:\/\/api.w.org\/{rel}","templated":true}]}}