{"id":35,"date":"2017-10-31T09:20:59","date_gmt":"2017-10-31T11:20:59","guid":{"rendered":"http:\/\/docentes.ifg.edu.br\/noronha\/?page_id=35"},"modified":"2020-09-16T09:47:19","modified_gmt":"2020-09-16T12:47:19","slug":"premiacoes","status":"publish","type":"page","link":"https:\/\/docentes.ifg.edu.br\/noronha\/premiacoes\/","title":{"rendered":"Pr\u00eamios e T\u00edtulos"},"content":{"rendered":"<div class=\"layout-cell layout-cell-3 text-align-right\">\n<h4 class=\"layout-cell-pad-5 text-align-right\"><\/h4>\n<p><strong>2019<\/strong> &#8211;\u00a0Profissional Talento do Ano na Ci\u00eancia e Tecnologia, Prefeitura de Goi\u00e2nia.<\/p>\n<div class=\"layout-cell layout-cell-3 text-align-right\">\n<p><strong>2018<\/strong> &#8211;\u00a0Pr\u00eamio nacional como melhor mentor\u00a0 no Programa C\u00e9lulas Empreendedoras IF 2018, Minist\u00e9rio da Educa\u00e7\u00e3o (MEC).<\/p>\n<p><strong>2017<\/strong> &#8211;\u00a0Certificado como Master Coach pela International Coaching Federation (Creative Results, New York &#8211; EUA).<\/p>\n<p><strong>2016<\/strong> &#8211; Pr\u00eamio de melhor ferramenta computacional (AMT: An Android Mirror Tool for Instant Feedback Across Platform) no VII\u00a0Congresso Brasileiro de Software: Teoria e Pr\u00e1tica &#8211; CBSoft.<\/p>\n<p><strong>2009\u00a0<\/strong>&#8211;\u00a0 T\u00edtulo de\u00a0Comendador do Estado de Goi\u00e1s, pelos excelentes servi\u00e7os prestados.<\/p>\n<p><strong>1999\u00a0<\/strong>&#8211; Oficial da Reserva do Ex\u00e9rcito Brasileiro, Ex\u00e9rcito Brasileiro.<\/p>\n<\/div>\n<\/div>\n","protected":false},"excerpt":{"rendered":"<p>2019 &#8211;\u00a0Profissional Talento do Ano na Ci\u00eancia e Tecnologia, Prefeitura de Goi\u00e2nia. 2018 &#8211;\u00a0Pr\u00eamio nacional como melhor mentor\u00a0 no Programa C\u00e9lulas Empreendedoras IF 2018, Minist\u00e9rio da Educa\u00e7\u00e3o (MEC). 2017 &#8211;\u00a0Certificado como Master Coach pela International Coaching Federation (Creative Results, New York &#8211; EUA). 2016 &#8211; Pr\u00eamio de melhor ferramenta computacional (AMT: An Android Mirror Tool &#8230; <a title=\"Pr\u00eamios e T\u00edtulos\" class=\"read-more\" href=\"https:\/\/docentes.ifg.edu.br\/noronha\/premiacoes\/\" aria-label=\"Read more about Pr\u00eamios e T\u00edtulos\">Ler mais<\/a><\/p>\n","protected":false},"author":13,"featured_media":0,"parent":0,"menu_order":0,"comment_status":"closed","ping_status":"closed","template":"","meta":{"footnotes":""},"class_list":["post-35","page","type-page","status-publish"],"_links":{"self":[{"href":"https:\/\/docentes.ifg.edu.br\/noronha\/wp-json\/wp\/v2\/pages\/35"}],"collection":[{"href":"https:\/\/docentes.ifg.edu.br\/noronha\/wp-json\/wp\/v2\/pages"}],"about":[{"href":"https:\/\/docentes.ifg.edu.br\/noronha\/wp-json\/wp\/v2\/types\/page"}],"author":[{"embeddable":true,"href":"https:\/\/docentes.ifg.edu.br\/noronha\/wp-json\/wp\/v2\/users\/13"}],"replies":[{"embeddable":true,"href":"https:\/\/docentes.ifg.edu.br\/noronha\/wp-json\/wp\/v2\/comments?post=35"}],"version-history":[{"count":6,"href":"https:\/\/docentes.ifg.edu.br\/noronha\/wp-json\/wp\/v2\/pages\/35\/revisions"}],"predecessor-version":[{"id":197,"href":"https:\/\/docentes.ifg.edu.br\/noronha\/wp-json\/wp\/v2\/pages\/35\/revisions\/197"}],"wp:attachment":[{"href":"https:\/\/docentes.ifg.edu.br\/noronha\/wp-json\/wp\/v2\/media?parent=35"}],"curies":[{"name":"wp","href":"https:\/\/api.w.org\/{rel}","templated":true}]}}