{"id":31,"date":"2017-10-31T09:20:21","date_gmt":"2017-10-31T11:20:21","guid":{"rendered":"http:\/\/docentes.ifg.edu.br\/noronha\/?page_id=31"},"modified":"2020-09-16T09:25:08","modified_gmt":"2020-09-16T12:25:08","slug":"pesquisas","status":"publish","type":"page","link":"https:\/\/docentes.ifg.edu.br\/noronha\/pesquisas\/","title":{"rendered":"Pesquisas"},"content":{"rendered":"<h2 style=\"text-align: center\"><\/h2>\n<h2 style=\"text-align: center\">Projetos de pesquisa<\/h2>\n<p><strong>2016 &#8211; 2017 |\u00a0Plataforma Computacional de Verifica\u00e7\u00e3o de Vulnerabilidades de Mercado em Aplica\u00e7\u00f5es Android<\/strong><\/p>\n<p style=\"text-align: justify\">Descri\u00e7\u00e3o: O objetivo prec\u00edpuo da pesquisa \u00e9 a automatiza\u00e7\u00e3o da execu\u00e7\u00e3o de intera\u00e7\u00f5es de usu\u00e1rio na plataforma Android em um conjunto de dispositivos previamente selecionados, permitindo a verifica\u00e7\u00e3o de incompatibilidades de uma app em diferentes configura\u00e7\u00f5es de dispositivos em tempo real..<br \/>\nSitua\u00e7\u00e3o: Conclu\u00eddo; Natureza: Pesquisa.<br \/>\nAlunos envolvidos: Gradua\u00e7\u00e3o: (3) .<\/p>\n<p>Integrantes: Eduardo Noronha de Andrade Freitas &#8211; Coordenador \/ Elison Jos\u00e9 dos Santos-J\u00fanior &#8211; Integrante \/ Erisson Lucas da Silva Rodrigues &#8211; Integrante \/ Ra\u00edssa Regis da Silva &#8211; Integrante.<\/p>\n<hr \/>\n<p><strong>2014 &#8211; 2015 |\u00a0CheckDroid<\/strong><\/p>\n<p>Descri\u00e7\u00e3o: O objetivo do projeto desenvolvido em CheckDroid \u00e9 definir e prover uma infraestrutura nas nuvens e um laborat\u00f3rio de teste de dispositivos reais com sistema operacional Android, desenvolvendo para isto um prot\u00f3tipo para o teste de aplicativos Android para diferentes tipos de erros nas diversas configura\u00e7\u00f5es de dispositivos. O projeto foi desenvolvido pela startup Checkdroid (hoje MoQuality.com) encubada na Georgia Tech em Atlanta, EUA, liderado pelo seu fundador Dr. Shauvik, com a supervis\u00e3o do Dr. Alex Orso..<br \/>\nSitua\u00e7\u00e3o: Conclu\u00eddo; Natureza: Pesquisa.<br \/>\nAlunos envolvidos: Doutorado: (2) .<\/p>\n<p>Integrantes: Eduardo Noronha de Andrade Freitas &#8211; Integrante \/ Shauvik Roy Choudhary &#8211; Coordenador \/ Alessandro Orso &#8211; Integrante.<br \/>\nFinanciador(es): National Science Foundation &#8211; Aux\u00edlio financeiro.<\/p>\n<hr \/>\n<p><strong>2013 &#8211; 2014\u00a0 |\u00a0Framework de Prioriza\u00e7\u00e3o de Artefatos de Software para Aplica\u00e7\u00e3o de Testes Unit\u00e1rios, Baseado em Hyper-Heur\u00edstica (Projeto de Inicia\u00e7\u00e3o Cient\u00edfica &#8211; CNPq)<\/strong><\/p>\n<p style=\"text-align: justify\">Descri\u00e7\u00e3o: O objetivo principal do trabalho \u00e9 desenvolver uma solu\u00e7\u00e3o tecnol\u00f3gica de apoio para prioriza\u00e7\u00e3o de artefatos de softwares orientados a objetos para aplica\u00e7\u00e3o de testes unit\u00e1rios, baseada em HyperHeur\u00edstica..<br \/>\nSitua\u00e7\u00e3o: Conclu\u00eddo; Natureza: Pesquisa.<br \/>\nAlunos envolvidos: Gradua\u00e7\u00e3o: (1) .<\/p>\n<p>Integrantes: Eduardo Noronha de Andrade Freitas &#8211; Coordenador \/ Hugo Mamede Soares &#8211; Integrante.<\/p>\n<p><strong>2013 &#8211; 2013 |\u00a0Desambiguac\u0327a\u0303o textual utilizando te\u0301cnicas de minerac\u0327a\u0303o, aplicadas no contexto de notas fiscais eletro\u0302nicas<\/strong><\/p>\n<p style=\"text-align: justify\">Descri\u00e7\u00e3o: O projeto tem como objetivo estudar e avaliar as te\u0301cnicas existentes na literatura de minerac\u0327a\u0303o de dados e processamento estati\u0301stico de linguagem natural, aplicadas ao problema da identificac\u0327a\u0303o de produtos u\u0301nicos presentes na NF-e, a partir de informac\u0327o\u0303es na\u0303o estruturadas. O objetivo final sera\u0301 o desenvolvimento de um algoritmo capaz de alcanc\u0327ar ni\u0301veis aceita\u0301veis de identificac\u0327a\u0303o com vistas a\u0300 experimentac\u0327a\u0303o pra\u0301tica do sistema em apoio a\u0300 administrac\u0327a\u0303o pu\u0301blica..<br \/>\nSitua\u00e7\u00e3o: Conclu\u00eddo; Natureza: Pesquisa.<br \/>\nIntegrantes: Eduardo Noronha de Andrade Freitas &#8211; Coordenador \/ Jonathas Carrijo &#8211; Integrante.<br \/>\nFinanciador(es): OOBJ Tecnologia da Informa\u00e7\u00e3o &#8211; Coopera\u00e7\u00e3o.<\/p>\n<p><strong>2012 &#8211; 2013 |\u00a0Implementa\u00e7\u00e3o de Software Livre no Ensino T\u00e9cnico (Projeto de Inicia\u00e7\u00e3o Cient\u00edfica &#8211; CNPq)<\/strong><\/p>\n<p style=\"text-align: justify\">Situa\u00e7\u00e3o: Conclu\u00eddo; Natureza: Pesquisa.<br \/>\nAlunos envolvidos: Gradua\u00e7\u00e3o: (1) .<br \/>\nIntegrantes: Eduardo Noronha de Andrade Freitas &#8211; Coordenador \/ Matheus Luna &#8211; Integrante.<\/p>\n<p style=\"text-align: justify\"><strong>2012 &#8211; 2013 |\u00a0Intelig\u00eancia Computacional Aplicada a Testes de Software (Projeto de Inicia\u00e7\u00e3o cient\u00edfica CNPq)<\/strong><\/p>\n<p style=\"text-align: justify\">Descri\u00e7\u00e3o: O objetivo prec\u00edpuo deste projeto de pesquisa \u00e9 realizar experimentos de heur\u00edsticas aplicadas a \u00e1rea de Testes de Software. O foco da proposta \u00e9 definir, conceber, implementar e comparar diferentes heur\u00edsticas, para automatizar o processo de gera\u00e7\u00e3o de casos de testes, buscando otimizar as atividades de teste de software. Ser\u00e3o estudadas a integra\u00e7\u00e3o das heur\u00edsticas junto a ferramentas automatizadas de teste de software j\u00e1 existentes, visando otimizar o processo de gera\u00e7\u00e3o de dados de testes..<br \/>\nSitua\u00e7\u00e3o: Conclu\u00eddo; Natureza: Pesquisa.<\/p>\n<p>Integrantes: Eduardo Noronha de Andrade Freitas &#8211; Coordenador \/ Rene Artur Rabelo de Souza &#8211; Integrante.<\/p>\n<p><strong>2011 &#8211; 2012 |\u00a0Minera\u00e7\u00e3o de Dados em Apoio aos Processos Estrat\u00e9gicos e Educacionais do IFG. (Projeto de Inicia\u00e7\u00e3o Cient\u00edfica &#8211; CNPq)<\/strong><\/p>\n<p style=\"text-align: justify\">Descri\u00e7\u00e3o: Objetivo do projeto de pesquisa \u00e9 a proposi\u00e7\u00e3o de um ambiente tecnol\u00f3gico para prospec\u00e7\u00e3o de informa\u00e7\u00f5es operacionais, t\u00e1ticas e estrat\u00e9gicas para o Instituto Federal de Goi\u00e1s (IFG), contribuindo para otimiza\u00e7\u00e3o dos trabalhos educacionais..<br \/>\nSitua\u00e7\u00e3o: Conclu\u00eddo; Natureza: Pesquisa.<br \/>\nAlunos envolvidos: Gradua\u00e7\u00e3o: (2) .<\/p>\n<p>Integrantes: Eduardo Noronha de Andrade Freitas &#8211; Coordenador \/ Carlos J\u00fanior Pereira da Silva &#8211; Integrante \/ Vin\u00edcius Borges de Siqueira &#8211; Integrante.<\/p>\n<p><strong>2008 &#8211; 2012 |\u00a0Metodologia e Modelo Computacional de An\u00e1lise Operacional-Financeira de Contratos e Novos Investimentos<\/strong><\/p>\n<p style=\"text-align: justify\">Descri\u00e7\u00e3o: Desenvolvimento de uma nova plataforma computacional que dever\u00e1 obrigatoriamente interagir os tr\u00eas modelos de mercado j\u00e1 consagrados pelo setor el\u00e9trico nacional. O rateio das metas de gera\u00e7\u00e3o dos reservat\u00f3rios equivalentes de energia entre as usinas hidrel\u00e9tricas dever\u00e1 ser revisto, onde ser\u00e1 proposto um novo modelo que implementar\u00e1 novas heur\u00edsticas incorporando as regras de mercado definidas no CCEE..<br \/>\nSitua\u00e7\u00e3o: Conclu\u00eddo; Natureza: Pesquisa.<br \/>\nAlunos envolvidos: Gradua\u00e7\u00e3o: (3) \/ Especializa\u00e7\u00e3o: (1) \/ Mestrado acad\u00eamico: (2) \/ Mestrado profissional: (0) \/ Doutorado: (3) .<\/p>\n<p>Integrantes: Eduardo Noronha de Andrade Freitas &#8211; Coordenador.<br \/>\nFinanciador(es): Centrais El\u00e9tricas do Norte do Brasil (Eletronorte) &#8211; Bolsa.<\/p>\n","protected":false},"excerpt":{"rendered":"<p>Projetos de pesquisa 2016 &#8211; 2017 |\u00a0Plataforma Computacional de Verifica\u00e7\u00e3o de Vulnerabilidades de Mercado em Aplica\u00e7\u00f5es Android Descri\u00e7\u00e3o: O objetivo prec\u00edpuo da pesquisa \u00e9 a automatiza\u00e7\u00e3o da execu\u00e7\u00e3o de intera\u00e7\u00f5es de usu\u00e1rio na plataforma Android em um conjunto de dispositivos previamente selecionados, permitindo a verifica\u00e7\u00e3o de incompatibilidades de uma app em diferentes configura\u00e7\u00f5es de dispositivos &#8230; <a title=\"Pesquisas\" class=\"read-more\" href=\"https:\/\/docentes.ifg.edu.br\/noronha\/pesquisas\/\" aria-label=\"Read more about Pesquisas\">Ler mais<\/a><\/p>\n","protected":false},"author":13,"featured_media":0,"parent":0,"menu_order":0,"comment_status":"closed","ping_status":"closed","template":"","meta":{"footnotes":""},"class_list":["post-31","page","type-page","status-publish"],"_links":{"self":[{"href":"https:\/\/docentes.ifg.edu.br\/noronha\/wp-json\/wp\/v2\/pages\/31"}],"collection":[{"href":"https:\/\/docentes.ifg.edu.br\/noronha\/wp-json\/wp\/v2\/pages"}],"about":[{"href":"https:\/\/docentes.ifg.edu.br\/noronha\/wp-json\/wp\/v2\/types\/page"}],"author":[{"embeddable":true,"href":"https:\/\/docentes.ifg.edu.br\/noronha\/wp-json\/wp\/v2\/users\/13"}],"replies":[{"embeddable":true,"href":"https:\/\/docentes.ifg.edu.br\/noronha\/wp-json\/wp\/v2\/comments?post=31"}],"version-history":[{"count":5,"href":"https:\/\/docentes.ifg.edu.br\/noronha\/wp-json\/wp\/v2\/pages\/31\/revisions"}],"predecessor-version":[{"id":194,"href":"https:\/\/docentes.ifg.edu.br\/noronha\/wp-json\/wp\/v2\/pages\/31\/revisions\/194"}],"wp:attachment":[{"href":"https:\/\/docentes.ifg.edu.br\/noronha\/wp-json\/wp\/v2\/media?parent=31"}],"curies":[{"name":"wp","href":"https:\/\/api.w.org\/{rel}","templated":true}]}}