{"id":28,"date":"2017-10-31T09:19:35","date_gmt":"2017-10-31T11:19:35","guid":{"rendered":"http:\/\/docentes.ifg.edu.br\/noronha\/?page_id=28"},"modified":"2020-10-17T21:43:24","modified_gmt":"2020-10-18T00:43:24","slug":"experiencias","status":"publish","type":"page","link":"https:\/\/docentes.ifg.edu.br\/noronha\/experiencias\/","title":{"rendered":"Publica\u00e7\u00f5es"},"content":{"rendered":"<div class=\"layout-cell-pad-5\" style=\"text-align: justify\">\n<p><span style=\"color: #0000ff\"><span style=\"text-decoration: underline\"><b>CAP\u00cdTULOS DE LIVROS PUBLICADOS<\/b><\/span><b>:<\/b><\/span><\/p>\n<\/div>\n<div class=\"layout-cell-pad-5\" style=\"text-align: justify\">Ascate, Silvia M. ; Villanes, Isabel K. ; Oliveira, Kariny ;\u00a0<b>FREITAS, E. N. A.<\/b>; Dias-Neto, Arilo . <em>Mobile App Testing. Mobile Apps Engineering<\/em>. 1ed.: Chapman and Hall\/CRC, 2018, v. 1, p. 77-99.<\/div>\n<div class=\"layout-cell-pad-5\" style=\"text-align: justify\">\n<div class=\"layout-cell layout-cell-1 text-align-right\">\n<div class=\"layout-cell-pad-5 text-align-right\"><b>\u00a0<\/b><\/div>\n<\/div>\n<div class=\"layout-cell layout-cell-11\">\n<div class=\"layout-cell-pad-5\"><b>FREITAS, E. N. A.<\/b>; BARBOSA, J. R. ; VINCENZI, A. M. R. . <em>Ferramentas de Execu\u00e7\u00e3o Autom\u00e1tica de Casos de Teste<\/em>. In: Auri Marcelo Rizzo Vincenzi, M\u00e1rcio Eduardo Delamaro, Arilo Claudio Dias Neto, Sandra C. Pinto Ferraz Fabbri, Mario Jino, Jos\u00e9 Carlos Maldonado. (Org.). Automatiza\u00e7\u00e3o de teste de software com ferramentas de software livre. 1ed.Rio de Janeiro: Elsevier, 2018, v. 1, p. 21-58.<\/div>\n<\/div>\n<div class=\"layout-cell layout-cell-1 text-align-right\">\n<div class=\"layout-cell-pad-5 text-align-right\"><b>\u00a0<\/b><\/div>\n<\/div>\n<div class=\"layout-cell layout-cell-11\">\n<div class=\"layout-cell-pad-5\">Oliveira, Andr\u00e9 Assis L\u00f4bo ; Camilo, Celso G. ;<b>FREITAS, E. N. A.<\/b>\u00a0; VINCENZI, AURI MARCELO RIZZO . <em>FTScMES: A New Mutation Execution Strategy Based on Failed Tests Mutation Score for Fault Localization<\/em>. In: Jose Maldonado, Marcio Delamaro, Auri Marcelo Rizzo Vincenzi. (Org.). Communications in Computer and Information Science. 1ed.Rio de Janeiro: Springer International Publishing, 2018, v. 1, p. 177-187.<\/div>\n<\/div>\n<div class=\"layout-cell layout-cell-1 text-align-right\">\n<div class=\"layout-cell-pad-5 text-align-right\"><b>\u00a0<\/b><\/div>\n<\/div>\n<div class=\"layout-cell layout-cell-11\">\n<div class=\"layout-cell-pad-5\">Silva Lima, Wagner;\u00a0<b>FREITAS, E. N. A.<\/b>\u00a0. <em>A Multi Agent Based Simulator for Brazilian Wholesale Electricity Energy Market<\/em>. In: IBERAMIA-SBIA. (Org.). Lecture Notes in Computer Science. 1ed.Heidelberg: Springer Berlin Heidelberg, 2006, v. 4140, p. 68-77.<\/div>\n<div class=\"layout-cell-pad-5\"><\/div>\n<\/div>\n<\/div>\n<p style=\"text-align: justify\"><span style=\"color: #0000ff\"><strong><span style=\"text-decoration: underline\">PERI\u00d3DICOS<\/span>:<br \/>\n<\/strong><\/span><strong><br \/>\n<\/strong>LIMA, J. G. ; ASCATE, S. ; ROJAS, I. K. V. ; FONTAO, A. ;\u00a0<b>FREITAS, E. N. A.<\/b>\u00a0; DIAS-NETO, A. C. . SCUTMA: <span style=\"text-decoration: underline\"><em>Selecting Components for Unit Testing in Mobile Applications<\/em><\/span>. JOURNAL OF COMPUTER SCIENCES, v. 1, p. 1-15, 2020.<\/p>\n<div class=\"artigo-completo\" style=\"text-align: justify\">\n<div class=\"layout-cell layout-cell-11\">\n<div class=\"layout-cell-pad-5\">\n<p>FARIA, K. A. C. ; A. G., RAPHAEL ;\u00a0<b>FREITAS, E. N. A.<\/b>; VINCENZI, AURI MARCELO RIZZO . <span style=\"text-decoration: underline\"><em>On using collaborative economy for test cost reduction in high fragmented environments<\/em><\/span>. Future Generation Computer Systems<sup><img decoding=\"async\" id=\"0167739X_2\" class=\"ajaxJCR jcrTip\" style=\"background: none 0px 0px repeat scroll transparent;border: 0px none;font-size: 11px;margin: 0px;padding: 0px;vertical-align: baseline;text-align: left\" src=\"http:\/\/buscatextual.cnpq.br\/buscatextual\/images\/curriculo\/jcr.gif\" \/><\/sup>, v. 1, p. 1-10, 2019.<\/p>\n<\/div>\n<\/div>\n<\/div>\n<div class=\"artigo-completo\" style=\"text-align: justify\">\n<div class=\"layout-cell layout-cell-11\">\n<div class=\"layout-cell-pad-5\"><strong><span style=\"color: #000000\">FREITAS, E. N. A.;<\/span><\/strong> Lima, W. S. . <span style=\"text-decoration: underline\"><em>A Multi Agent Based Simulator for Brazilian Wholesale Electricity Energy Market<\/em><\/span>. Lecture Notes in Computer Science<sup><img decoding=\"async\" id=\"03029743_3\" class=\"ajaxJCR jcrTip\" style=\"background: none 0px 0px repeat scroll transparent;border: 0px none;font-size: 11px;margin: 0px;padding: 0px;vertical-align: baseline;text-align: left\" src=\"http:\/\/buscatextual.cnpq.br\/buscatextual\/images\/curriculo\/jcr.gif\" \/><\/sup>, v. 4140, p. 68-77, 2006.<\/div>\n<div class=\"layout-cell-pad-5\"><\/div>\n<\/div>\n<\/div>\n<div class=\"layout-cell-pad-5\" style=\"text-align: justify\"><\/div>\n<div class=\"layout-cell-pad-5\" style=\"text-align: justify\"><span style=\"color: #0000ff\"><span style=\"text-decoration: underline\"><strong>PUBLICA\u00c7\u00d5ES EM CONGRESSOS<\/strong><\/span>:<\/span><\/div>\n<div class=\"layout-cell-pad-5\" style=\"text-align: justify\"><\/div>\n<div class=\"layout-cell-pad-5\" style=\"text-align: justify\">\n<div class=\"layout-cell layout-cell-11\" style=\"text-align: justify\">\n<div class=\"layout-cell-pad-5\"><\/div>\n<div class=\"layout-cell-pad-5\">VITAL, G. M. ; GUILARDE, A. N. ; NASCIMENTO, R. K. ;\u00a0<b>FREITAS, E. N. A.<\/b>\u00a0. <span style=\"text-decoration: underline\"><em>Optimizing Revenue in Cryptocurrency Context by Using Modern Portfolio Principles<\/em><\/span>. In: International Conference on Artificial Intelligence &#8211; ICAI&#8217;19|, 2019, Las Vegas, United States. Optimizing Revenue in Cryptocurrency Context by Using Modern Portfolio Principles, 2019.<\/div>\n<\/div>\n<div class=\"layout-cell layout-cell-1 text-align-right\" style=\"text-align: justify\">\n<div class=\"layout-cell-pad-5 text-align-right\"><b>\u00a0<\/b><\/div>\n<\/div>\n<div class=\"layout-cell layout-cell-11\" style=\"text-align: justify\">\n<div class=\"layout-cell-pad-5\">LOBO DE OLIVEIRA, ANDRE ASSIS ; GONCALVES CAMILO-JUNIOR, CELSO ;<b>FREITAS, E. N. A.<\/b>; RIZZO VINCENZI, AURI MARCELO . <em><span style=\"text-decoration: underline\">FTMES: A Failed-Test-Oriented Mutant Execution Strategy for Mutation-Based Fault Localization<\/span><\/em>. In: 2018 IEEE 29th International Symposium on Software Reliability Engineering (ISSRE), 2018, Memphis. 2018 IEEE 29th International Symposium on Software Reliability Engineering (ISSRE), 2018. p. 155.<\/div>\n<\/div>\n<div class=\"layout-cell layout-cell-1 text-align-right\" style=\"text-align: justify\">\n<div class=\"layout-cell-pad-5 text-align-right\"><b>\u00a0<\/b><\/div>\n<\/div>\n<div class=\"layout-cell layout-cell-11\" style=\"text-align: justify\">\n<div class=\"layout-cell-pad-5\">OLIVEIRA, A. A. L. ;\u00a0<b>FREITAS, E. N. A.<\/b>\u00a0; CAMILO-JUNIOR, C. G. ; VINCENZI, A. M. R. . <em><span style=\"text-decoration: underline\">FTScMES: A New Mutation Execution Strategy based on Failed Tests&#8217; Mutation Score for Fault Localization<\/span><\/em>. In: 32nd International Symposium on Computer and Information Sciences, 2018, Ponzan. FTScMES: A New Mutation Execution Strategy based on Failed Tests&#8217; Mutation Score for Fault Localization, 2018.<\/div>\n<\/div>\n<div class=\"layout-cell layout-cell-1 text-align-right\" style=\"text-align: justify\">\n<div class=\"layout-cell-pad-5 text-align-right\"><b>\u00a0<\/b><\/div>\n<\/div>\n<div class=\"layout-cell layout-cell-11\" style=\"text-align: justify\">\n<div class=\"layout-cell-pad-5\">FAZZINI, MATTIA;\u00a0<b>FREITAS, E. N. A.<\/b>; CHOUDHARY, SHAUVIK ROY ; ORSO, ALESSANDRO . <em><span style=\"text-decoration: underline\">Barista: A Technique for Recording, Encoding, and Running Platform Independent Android Tests<\/span><\/em>. In: 2017 IEEE International Conference on Software Testing, Verification and Validation (ICST), 2017, Tokyo. 2017 IEEE International Conference on Software Testing, Verification and Validation (ICST), 2017. p. 149.<\/div>\n<\/div>\n<div class=\"layout-cell layout-cell-1 text-align-right\" style=\"text-align: justify\">\n<div class=\"layout-cell-pad-5 text-align-right\"><b>\u00a0<\/b><\/div>\n<\/div>\n<div class=\"layout-cell layout-cell-11\" style=\"text-align: justify\">\n<div class=\"layout-cell-pad-5\">FARIA, KENYO ABADIO CROSARA;\u00a0<b>FREITAS, E. N. A.<\/b>; VINCENZI, AURI MARCELO RIZZO . <em><span style=\"text-decoration: underline\">Collaborative economy for testing cost reduction on Android ecosystem<\/span><\/em>. In: the 8th ACM SIGSOFT International Workshop, 2017, Paderborn. Proceedings of the 8th ACM SIGSOFT International Workshop on Automated Software Testing &#8211; A-TEST 2017, 2017. p. 11.<\/div>\n<\/div>\n<div class=\"layout-cell layout-cell-1 text-align-right\" style=\"text-align: justify\">\n<div class=\"layout-cell-pad-5 text-align-right\"><b>\u00a0<\/b><\/div>\n<\/div>\n<div class=\"layout-cell layout-cell-11\" style=\"text-align: justify\">\n<div class=\"layout-cell-pad-5\"><span style=\"color: #000000\"><b><a class=\"tooltip\" style=\"color: #000000\" title=\"Clique para visualizar o curr\u00edculo\" href=\"http:\/\/lattes.cnpq.br\/8639235593693663\" target=\"_blank\">FREITAS, E. N. A.<\/a><\/b><\/span>; FARIA, K. A. C. ; CAMILO-JUNIOR, C. G. ; VINCENZI, A. M. R. . <em><span style=\"text-decoration: underline\">AMT: An Android Mirror Tool for Instant Feedback Across Platform<\/span><\/em>. In: Congresso Brasileiro de Software: Teoria e Pr\u00e1tica &#8211; Sess\u00e3o de Ferramentas, 2016, Maring\u00e1-PR. VII Congresso Brasileiro de Software: Teoria e Pr\u00e1tica &#8211; CBSoft 2016 &#8211; Sess\u00e3o de Ferramentas, 2016.<\/div>\n<\/div>\n<div class=\"layout-cell layout-cell-1 text-align-right\" style=\"text-align: justify\">\n<div class=\"layout-cell-pad-5 text-align-right\"><b>\u00a0<\/b><\/div>\n<\/div>\n<div class=\"layout-cell layout-cell-11\" style=\"text-align: justify\">\n<div class=\"layout-cell-pad-5\"><b>FREITAS, E. N. A.<\/b>; CAMILO-JUNIOR, CELSO GONCALVES ; VINCENZI, AURI MARCELO RIZZO . <em><span style=\"text-decoration: underline\">SCOUT: A Multi-objective Method to Select Components in Designing Unit Testing<\/span><\/em>. In: 2016 IEEE 27th International Symposium on Software Reliability Engineering (ISSRE), 2016, Ottawa. 2016 IEEE 27th International Symposium on Software Reliability Engineering (ISSRE), 2016. p. 36.<\/div>\n<\/div>\n<div class=\"layout-cell layout-cell-1 text-align-right\" style=\"text-align: justify\">\n<div class=\"layout-cell-pad-5 text-align-right\"><b>\u00a0<\/b><\/div>\n<\/div>\n<div class=\"layout-cell layout-cell-11\" style=\"text-align: justify\">\n<div class=\"layout-cell-pad-5\">FARIA, K. A. C. ;\u00a0<b>FREITAS, E. N. A.<\/b>\u00a0; MALDONADO, J. C. ; VINCENZI, A. M. R. . <em><span style=\"text-decoration: underline\">Pharos: Uma Ferramenta para Identifica\u00e7\u00e3o de Defeitos em N\u00edvel de M\u00e9todos a partir de Commits e Gerenciadores de Defeitos<\/span><\/em>. In: Congresso Brasileiro de Software: Teoria e Pr\u00e1tica &#8211; CBSoft &#8211; Sess\u00e3o de Ferramentas, 2016, Maring\u00e1 &#8211; Brasil. VII Congresso Brasileiro de Software: Teoria e Pr\u00e1tica &#8211; CBSoft 2016 &#8211; Sess\u00e3o de Ferramentas, 2016.<\/div>\n<\/div>\n<div class=\"layout-cell layout-cell-1 text-align-right\" style=\"text-align: justify\">\n<div class=\"layout-cell-pad-5 text-align-right\"><b>\u00a0<\/b><\/div>\n<\/div>\n<div class=\"layout-cell layout-cell-11\" style=\"text-align: justify\">\n<div class=\"layout-cell-pad-5\"><span style=\"color: #000000\"><b><a class=\"tooltip\" style=\"color: #000000\" title=\"Clique para visualizar o curr\u00edculo\" href=\"http:\/\/lattes.cnpq.br\/8639235593693663\" target=\"_blank\">FREITAS, E. N. A.<\/a><\/b>;<\/span> CAMILO-JUNIOR, C. G. ; VINCENZI, A. M. R. . <em><span style=\"text-decoration: underline\">Prioritization of Artifacts for Unit Testing Using Genetic Algorithm Multi-objective Non Pareto<\/span><\/em>. In: International Conference on Software Engineering Research and Practice (SERP&#8217;14), 2014, Las Vegas. XII International Conference on Software Engineering Research and Practice &#8211; SERP&#8217;14, 2014. p. 196-202.<\/div>\n<\/div>\n<div class=\"layout-cell layout-cell-1 text-align-right\" style=\"text-align: justify\">\n<div class=\"layout-cell-pad-5 text-align-right\"><b>\u00a0<\/b><\/div>\n<\/div>\n<div class=\"layout-cell layout-cell-11\" style=\"text-align: justify\">\n<div class=\"layout-cell-pad-5\"><span style=\"color: #000000\"><b><a class=\"tooltip\" style=\"color: #000000\" title=\"Clique para visualizar o curr\u00edculo\" href=\"http:\/\/lattes.cnpq.br\/8639235593693663\" target=\"_blank\">FREITAS, E. N. A.<\/a><\/b><\/span>; CAMILO-JUNIOR, C. G. . <em><span style=\"text-decoration: underline\">A Parallel Genetic Algorithm to Coevolution of the Strategic Evolutionary Parameters<\/span><\/em>. In: International Conference on Artificial Intelligence, 2013, Las Vegas, Nevada. Proceedings of the International Conference on Artificial Intelligence, 2013.<\/div>\n<\/div>\n<div class=\"layout-cell layout-cell-1 text-align-right\" style=\"text-align: justify\">\n<div class=\"layout-cell-pad-5 text-align-right\"><b>\u00a0<\/b><\/div>\n<\/div>\n<div class=\"layout-cell layout-cell-11\" style=\"text-align: justify\">\n<div class=\"layout-cell-pad-5\">RAMOS, E. S. ; BRITO, F. M. ; CRUZ JUNIOR, G. ; VINHAL, C. D. N. ;\u00a0<span style=\"color: #000000\"><b><a class=\"tooltip\" style=\"color: #000000\" title=\"Clique para visualizar o curr\u00edculo\" href=\"http:\/\/lattes.cnpq.br\/8639235593693663\" target=\"_blank\">FREITAS, E. N. A.<\/a><\/b><\/span>\u00a0. <em><span style=\"text-decoration: underline\">Um Modelo de Simula\u00e7\u00e3o Din\u00e2mico e Individualizado com Interface Web<\/span><\/em>. In: IV Simp\u00f3sio Brasileiro de Sistemas El\u00e9tricos, 2012, Goi\u00e2nia. Journal and Event Management System da Sociedade Brasileira de Computa\u00e7\u00e3o., 2012.<\/div>\n<\/div>\n<div class=\"layout-cell layout-cell-1 text-align-right\" style=\"text-align: justify\">\n<div class=\"layout-cell-pad-5 text-align-right\"><b>\u00a0<\/b><\/div>\n<\/div>\n<div class=\"layout-cell layout-cell-11\" style=\"text-align: justify\">\n<div class=\"layout-cell-pad-5\"><span style=\"color: #000000\">PAULA, V. H. A. L. ;\u00a0<b><a class=\"tooltip\" style=\"color: #000000\" title=\"Clique para visualizar o curr\u00edculo\" href=\"http:\/\/lattes.cnpq.br\/8639235593693663\" target=\"_blank\">FREITAS, E. N. A.<\/a><\/b><\/span>\u00a0. <span style=\"color: #000000\">Modelagem e Melhoria de Processos: Estudo de caso em um \u00d3rg\u00e3o P\u00fablico<\/span>. In: XV SEMEAD &#8211; Desafios da Gest\u00e3o: Econ\u00f4mico, Social e Ambiental, 2012, S\u00e3o Paulo. Promo\u00e7\u00e3o da efici\u00eancia e otimiza\u00e7\u00e3o de processos, 2012.<\/div>\n<\/div>\n<div class=\"layout-cell layout-cell-1 text-align-right\" style=\"text-align: justify\">\n<div class=\"layout-cell-pad-5 text-align-right\"><b>\u00a0<\/b><\/div>\n<\/div>\n<div class=\"layout-cell layout-cell-11\">\n<div class=\"layout-cell-pad-5\" style=\"text-align: justify\"><span style=\"color: #000000\"><b><a class=\"tooltip\" style=\"color: #000000\" title=\"Clique para visualizar o curr\u00edculo\" href=\"http:\/\/lattes.cnpq.br\/8639235593693663\" target=\"_blank\">FREITAS, E. N. A.<\/a><\/b>;<\/span> Lima, W. S. . <em><span style=\"text-decoration: underline\">A multi agent based simulator for Brazilian wholesale electricity energy market<\/span><\/em>. In: IBERAMIA\/SBIA, International Joint Coneference, 2006, Riber\u00e3o Preto. Advances in Artificial Intelligence. Berlin: Springer -Verlag, 2006. v. 4140. p. 68-77.<\/div>\n<\/div>\n<\/div>\n","protected":false},"excerpt":{"rendered":"<p>CAP\u00cdTULOS DE LIVROS PUBLICADOS: Ascate, Silvia M. ; Villanes, Isabel K. ; Oliveira, Kariny ;\u00a0FREITAS, E. N. A.; Dias-Neto, Arilo . Mobile App Testing. Mobile Apps Engineering. 1ed.: Chapman and Hall\/CRC, 2018, v. 1, p. 77-99. \u00a0 FREITAS, E. N. A.; BARBOSA, J. R. ; VINCENZI, A. M. R. . Ferramentas de Execu\u00e7\u00e3o Autom\u00e1tica de &#8230; <a title=\"Publica\u00e7\u00f5es\" class=\"read-more\" href=\"https:\/\/docentes.ifg.edu.br\/noronha\/experiencias\/\" aria-label=\"Read more about Publica\u00e7\u00f5es\">Ler mais<\/a><\/p>\n","protected":false},"author":13,"featured_media":0,"parent":0,"menu_order":0,"comment_status":"closed","ping_status":"closed","template":"","meta":{"footnotes":""},"class_list":["post-28","page","type-page","status-publish"],"_links":{"self":[{"href":"https:\/\/docentes.ifg.edu.br\/noronha\/wp-json\/wp\/v2\/pages\/28"}],"collection":[{"href":"https:\/\/docentes.ifg.edu.br\/noronha\/wp-json\/wp\/v2\/pages"}],"about":[{"href":"https:\/\/docentes.ifg.edu.br\/noronha\/wp-json\/wp\/v2\/types\/page"}],"author":[{"embeddable":true,"href":"https:\/\/docentes.ifg.edu.br\/noronha\/wp-json\/wp\/v2\/users\/13"}],"replies":[{"embeddable":true,"href":"https:\/\/docentes.ifg.edu.br\/noronha\/wp-json\/wp\/v2\/comments?post=28"}],"version-history":[{"count":12,"href":"https:\/\/docentes.ifg.edu.br\/noronha\/wp-json\/wp\/v2\/pages\/28\/revisions"}],"predecessor-version":[{"id":252,"href":"https:\/\/docentes.ifg.edu.br\/noronha\/wp-json\/wp\/v2\/pages\/28\/revisions\/252"}],"wp:attachment":[{"href":"https:\/\/docentes.ifg.edu.br\/noronha\/wp-json\/wp\/v2\/media?parent=28"}],"curies":[{"name":"wp","href":"https:\/\/api.w.org\/{rel}","templated":true}]}}