{"id":80,"date":"2019-08-27T16:58:36","date_gmt":"2019-08-27T19:58:36","guid":{"rendered":"http:\/\/docentes.ifg.edu.br\/marinho\/?page_id=80"},"modified":"2019-08-28T15:37:52","modified_gmt":"2019-08-28T18:37:52","slug":"laboratorios","status":"publish","type":"page","link":"https:\/\/docentes.ifg.edu.br\/marinho\/laboratorios\/","title":{"rendered":"Laborat\u00f3rios"},"content":{"rendered":"<p><strong>Orienta\u00e7\u00f5es:<\/strong>\u00a0&#8211; [google-drive-embed url=&#8221;https:\/\/drive.google.com\/uc?id=1-LpR7e8Hb2Ht&#8211;WJMTOI0wvYYCGLyr-V&amp;export=download&#8221; title=&#8221;Orienta\u00e7\u00f5es Relat\u00f3rio.pdf&#8221; icon=&#8221;https:\/\/drive-thirdparty.googleusercontent.com\/16\/type\/application\/pdf&#8221; style=&#8221;download&#8221;]<\/p>\n<p><strong>Modelo de Relat\u00f3rio:\u00a0<\/strong><\/p>\n<p>[google-drive-embed url=&#8221;https:\/\/drive.google.com\/uc?id=1-L2g7nVuM3bfWj-15RPVYKkRYYuyF3nU&amp;export=download&#8221; title=&#8221;Modelo Relatorio Word.docx&#8221; icon=&#8221;https:\/\/drive-thirdparty.googleusercontent.com\/16\/type\/application\/vnd.openxmlformats-officedocument.wordprocessingml.document&#8221; style=&#8221;download&#8221;]<\/p>\n<p><a href=\"https:\/\/docs.google.com\/document\/u\/3\/d\/1jiP77NNbuk9QUp-ZB1jXsEDrOQYrFiCi7my3GbDq_Z8\/copy\" target=\"_blank\">Modelo Relat\u00f3rio &#8211; Google Documentos <\/a><\/p>\n<p><strong>Laborat\u00f3rio de Eletricidade e Magnetismo &#8211; 2019\/2<\/strong><\/p>\n<p>[google-drive-embed url=&#8221;https:\/\/drive.google.com\/a\/ifg.edu.br\/uc?id=1-MyCq3MJ6RvfxpFSDrcryOzAXOsXfX6x&amp;export=download&#8221; title=&#8221;02 Descargas, Distribui\u00e7\u00e3o e Poder das Pontas &#8211; Copia.docx&#8221; icon=&#8221;https:\/\/drive-thirdparty.googleusercontent.com\/16\/type\/application\/vnd.openxmlformats-officedocument.wordprocessingml.document&#8221; style=&#8221;download&#8221;]<\/p>\n<p>[google-drive-embed url=&#8221;https:\/\/drive.google.com\/a\/ifg.edu.br\/uc?id=1l9SJerLCrBhvfVBgU4jJvdV4BRuBQs4S&amp;export=download&#8221; title=&#8221;01 Processos de Eletriza\u00e7\u00e3o.docx&#8221; icon=&#8221;https:\/\/drive-thirdparty.googleusercontent.com\/16\/type\/application\/vnd.openxmlformats-officedocument.wordprocessingml.document&#8221; style=&#8221;download&#8221;]<\/p>\n<p>[google-drive-embed url=&#8221;https:\/\/drive.google.com\/a\/ifg.edu.br\/uc?id=1-M3xiZ9mYEI3PEUMnT3sa5GAeFVUKdE0&amp;export=download&#8221; title=&#8221;03 Campo Eletrico.docx&#8221; icon=&#8221;https:\/\/drive-thirdparty.googleusercontent.com\/16\/type\/application\/vnd.openxmlformats-officedocument.wordprocessingml.document&#8221; style=&#8221;download&#8221;]<\/p>\n<p><strong>Laborat\u00f3rio de Mec\u00e2nica 1<\/strong><\/p>\n<p>[google-drive-embed url=&#8221;https:\/\/drive.google.com\/a\/ifg.edu.br\/uc?id=1ay95WxMLtxXuGrKcIYKcPEiBbDp7y6YT&amp;export=download&#8221; title=&#8221;01 Movimento Uniforme.docx&#8221; icon=&#8221;https:\/\/drive-thirdparty.googleusercontent.com\/16\/type\/application\/vnd.openxmlformats-officedocument.wordprocessingml.document&#8221; style=&#8221;download&#8221;]<\/p>\n<p>[google-drive-embed url=&#8221;https:\/\/drive.google.com\/a\/ifg.edu.br\/uc?id=1EyQfUSoFWwhDDq0lfYnLImA7kpEWNhM1&amp;export=download&#8221; title=&#8221;02 Movimento Uniformemente Variado.docx&#8221; icon=&#8221;https:\/\/drive-thirdparty.googleusercontent.com\/16\/type\/application\/vnd.openxmlformats-officedocument.wordprocessingml.document&#8221; style=&#8221;download&#8221;]<\/p>\n<p>&nbsp;<\/p>\n","protected":false},"excerpt":{"rendered":"<p>Orienta\u00e7\u00f5es:\u00a0&#8211; [google-drive-embed url=&#8221;https:\/\/drive.google.com\/uc?id=1-LpR7e8Hb2Ht&#8211;WJMTOI0wvYYCGLyr-V&amp;export=download&#8221; title=&#8221;Orienta\u00e7\u00f5es Relat\u00f3rio.pdf&#8221; icon=&#8221;https:\/\/drive-thirdparty.googleusercontent.com\/16\/type\/application\/pdf&#8221; style=&#8221;download&#8221;] Modelo de Relat\u00f3rio:\u00a0 [google-drive-embed url=&#8221;https:\/\/drive.google.com\/uc?id=1-L2g7nVuM3bfWj-15RPVYKkRYYuyF3nU&amp;export=download&#8221; title=&#8221;Modelo Relatorio Word.docx&#8221; icon=&#8221;https:\/\/drive-thirdparty.googleusercontent.com\/16\/type\/application\/vnd.openxmlformats-officedocument.wordprocessingml.document&#8221; style=&#8221;download&#8221;] Modelo Relat\u00f3rio &#8211; Google Documentos Laborat\u00f3rio de Eletricidade e Magnetismo &#8211; 2019\/2 [google-drive-embed url=&#8221;https:\/\/drive.google.com\/a\/ifg.edu.br\/uc?id=1-MyCq3MJ6RvfxpFSDrcryOzAXOsXfX6x&amp;export=download&#8221; title=&#8221;02 Descargas, Distribui\u00e7\u00e3o e Poder das Pontas &#8211; Copia.docx&#8221; icon=&#8221;https:\/\/drive-thirdparty.googleusercontent.com\/16\/type\/application\/vnd.openxmlformats-officedocument.wordprocessingml.document&#8221; style=&#8221;download&#8221;] [google-drive-embed url=&#8221;https:\/\/drive.google.com\/a\/ifg.edu.br\/uc?id=1l9SJerLCrBhvfVBgU4jJvdV4BRuBQs4S&amp;export=download&#8221; title=&#8221;01 Processos de Eletriza\u00e7\u00e3o.docx&#8221; icon=&#8221;https:\/\/drive-thirdparty.googleusercontent.com\/16\/type\/application\/vnd.openxmlformats-officedocument.wordprocessingml.document&#8221; style=&#8221;download&#8221;] [google-drive-embed url=&#8221;https:\/\/drive.google.com\/a\/ifg.edu.br\/uc?id=1-M3xiZ9mYEI3PEUMnT3sa5GAeFVUKdE0&amp;export=download&#8221; title=&#8221;03 Campo Eletrico.docx&#8221; [&hellip;]<\/p>\n","protected":false},"author":16,"featured_media":0,"parent":0,"menu_order":0,"comment_status":"closed","ping_status":"closed","template":"","meta":{"footnotes":""},"class_list":["post-80","page","type-page","status-publish","hentry"],"_links":{"self":[{"href":"https:\/\/docentes.ifg.edu.br\/marinho\/wp-json\/wp\/v2\/pages\/80"}],"collection":[{"href":"https:\/\/docentes.ifg.edu.br\/marinho\/wp-json\/wp\/v2\/pages"}],"about":[{"href":"https:\/\/docentes.ifg.edu.br\/marinho\/wp-json\/wp\/v2\/types\/page"}],"author":[{"embeddable":true,"href":"https:\/\/docentes.ifg.edu.br\/marinho\/wp-json\/wp\/v2\/users\/16"}],"replies":[{"embeddable":true,"href":"https:\/\/docentes.ifg.edu.br\/marinho\/wp-json\/wp\/v2\/comments?post=80"}],"version-history":[{"count":5,"href":"https:\/\/docentes.ifg.edu.br\/marinho\/wp-json\/wp\/v2\/pages\/80\/revisions"}],"predecessor-version":[{"id":85,"href":"https:\/\/docentes.ifg.edu.br\/marinho\/wp-json\/wp\/v2\/pages\/80\/revisions\/85"}],"wp:attachment":[{"href":"https:\/\/docentes.ifg.edu.br\/marinho\/wp-json\/wp\/v2\/media?parent=80"}],"curies":[{"name":"wp","href":"https:\/\/api.w.org\/{rel}","templated":true}]}}