{"id":73,"date":"2019-08-27T16:35:58","date_gmt":"2019-08-27T19:35:58","guid":{"rendered":"http:\/\/docentes.ifg.edu.br\/marinho\/?page_id=73"},"modified":"2026-02-11T21:02:22","modified_gmt":"2026-02-12T00:02:22","slug":"sobre","status":"publish","type":"page","link":"https:\/\/docentes.ifg.edu.br\/marinho\/sobre\/","title":{"rendered":"Sobre"},"content":{"rendered":"<p style=\"text-align: justify\">Possui gradua\u00e7\u00e3o em Licenciatura em F\u00edsica pela Universidade Federal de Goi\u00e1s (2005). Especializa\u00e7\u00e3o em Educa\u00e7\u00e3o a Dist\u00e2ncia pelo SENAC (2013) e Mestrado em Ensino de F\u00edsica pela Universidade Federal de Goi\u00e1s (2015) e Doutorado Profissional em Educa\u00e7\u00e3o para Ci\u00eancia e Matem\u00e1tica (2025) pelo Instituto Federal de Educa\u00e7\u00e3o, Ci\u00eancia e Tecnologia de Goi\u00e1s &#8211; Campus Jata\u00ed. Atualmente \u00e9 professor efetivo de F\u00edsica do Instituto Federal de Goi\u00e1s &#8211; Campus Jata\u00ed. Tem experi\u00eancia na \u00e1rea de Ensino de F\u00edsica, atuando principalmente nas \u00e1reas tem\u00e1ticas de Ensino de F\u00edsica, Ensino a Dist\u00e2ncia, Experimenta\u00e7\u00e3o para o ensino de F\u00edsica, Softwares Educacionais, Jogos e Produ\u00e7\u00e3o de Materiais Did\u00e1ticos.<\/p>\n<p>Curr\u00edculo Lattes:\u00a0<a href=\"http:\/\/lattes.cnpq.br\/3800749647069676\" target=\"_blank\" rel=\"noopener\">http:\/\/lattes.cnpq.br\/3800749647069676<\/a><\/p>\n<p>email\u00a0<a href=\"mailto:rodrigo.marinho@ifg.edu.br\">rodrigo.marinho@ifg.edu.br<\/a><\/p>\n","protected":false},"excerpt":{"rendered":"<p>Possui gradua\u00e7\u00e3o em Licenciatura em F\u00edsica pela Universidade Federal de Goi\u00e1s (2005). Especializa\u00e7\u00e3o em Educa\u00e7\u00e3o a Dist\u00e2ncia pelo SENAC (2013) e Mestrado em Ensino de F\u00edsica pela Universidade Federal de Goi\u00e1s (2015) e Doutorado Profissional em Educa\u00e7\u00e3o para Ci\u00eancia e Matem\u00e1tica (2025) pelo Instituto Federal de Educa\u00e7\u00e3o, Ci\u00eancia e Tecnologia de Goi\u00e1s &#8211; Campus Jata\u00ed. [&hellip;]<\/p>\n","protected":false},"author":16,"featured_media":0,"parent":0,"menu_order":0,"comment_status":"closed","ping_status":"closed","template":"","meta":{"footnotes":""},"class_list":["post-73","page","type-page","status-publish","hentry"],"_links":{"self":[{"href":"https:\/\/docentes.ifg.edu.br\/marinho\/wp-json\/wp\/v2\/pages\/73"}],"collection":[{"href":"https:\/\/docentes.ifg.edu.br\/marinho\/wp-json\/wp\/v2\/pages"}],"about":[{"href":"https:\/\/docentes.ifg.edu.br\/marinho\/wp-json\/wp\/v2\/types\/page"}],"author":[{"embeddable":true,"href":"https:\/\/docentes.ifg.edu.br\/marinho\/wp-json\/wp\/v2\/users\/16"}],"replies":[{"embeddable":true,"href":"https:\/\/docentes.ifg.edu.br\/marinho\/wp-json\/wp\/v2\/comments?post=73"}],"version-history":[{"count":2,"href":"https:\/\/docentes.ifg.edu.br\/marinho\/wp-json\/wp\/v2\/pages\/73\/revisions"}],"predecessor-version":[{"id":89,"href":"https:\/\/docentes.ifg.edu.br\/marinho\/wp-json\/wp\/v2\/pages\/73\/revisions\/89"}],"wp:attachment":[{"href":"https:\/\/docentes.ifg.edu.br\/marinho\/wp-json\/wp\/v2\/media?parent=73"}],"curies":[{"name":"wp","href":"https:\/\/api.w.org\/{rel}","templated":true}]}}