{"id":39,"date":"2019-08-05T16:30:13","date_gmt":"2019-08-05T19:30:13","guid":{"rendered":"http:\/\/docentes.ifg.edu.br\/leizer\/?page_id=39"},"modified":"2024-03-04T20:25:50","modified_gmt":"2024-03-04T23:25:50","slug":"agenda","status":"publish","type":"page","link":"https:\/\/docentes.ifg.edu.br\/leizer\/agenda\/","title":{"rendered":"Agenda"},"content":{"rendered":"<table style=\"width: 100%\" border=\"1\" cellspacing=\"2\" cellpadding=\"1\">\n<caption>\u00a0<\/caption>\n<tbody>\n<tr style=\"height: 27px\">\n<td style=\"text-align: center;height: 27px\"><strong>DIA<\/strong><\/td>\n<td style=\"text-align: center;height: 27px\"><strong>HOR\u00c1RIO<\/strong><\/td>\n<td style=\"text-align: center;height: 27px\"><strong>ATIVIDADE<\/strong><\/td>\n<td style=\"text-align: center;height: 27px\"><strong>LOCAL<\/strong><\/td>\n<\/tr>\n<tr style=\"height: 159px\">\n<td style=\"height: 231px\">SEGUNDA<\/td>\n<td style=\"text-align: center;height: 159px\">08h &#8211; 18h<\/td>\n<td style=\"text-align: center;height: 159px\">Atividades de Planejamento de aulas semanais e projetos de pesquisa e extens\u00e3o<\/td>\n<td style=\"text-align: center;height: 159px\" rowspan=\"2\">IFG &#8211; Unidade Riachuelo<\/p>\n<p>&nbsp;<\/td>\n<\/tr>\n<tr style=\"height: 73px\">\n<td style=\"height: 73px\" rowspan=\"2\">TER\u00c7A<\/td>\n<td style=\"text-align: center;height: 73px\">13h30-17h30<\/td>\n<td style=\"text-align: center;height: 73px\">Atividades de Planejamento de aulas semanais e projetos de pesquisa e extens\u00e3o<\/td>\n<\/tr>\n<tr style=\"height: 73px\">\n<td style=\"text-align: center;height: 73px\">19h &#8211; 22h<\/td>\n<td style=\"text-align: center;height: 73px\">Atendimento aos alunos de TCC<\/td>\n<td style=\"text-align: center;height: 73px\" rowspan=\"2\">IFG &#8211; Unidade Flamboyant<\/p>\n<p>Sala dos professores de Inform\u00e1tica<\/td>\n<\/tr>\n<tr style=\"height: 103px\">\n<td style=\"height: 103px\">QUARTA<\/td>\n<td style=\"text-align: center;height: 103px\">19h &#8211; 22h<\/td>\n<td style=\"text-align: center;height: 103px\">Atendimento aos alunos<\/td>\n<\/tr>\n<tr style=\"height: 27px\">\n<td style=\"height: 27px\">QUINTA<\/td>\n<td style=\"text-align: center;height: 27px\">08h &#8211; 17h<\/td>\n<td style=\"text-align: center;height: 27px\">Atividades administrativas da Coordena\u00e7\u00e3o de TADS<\/td>\n<td style=\"text-align: center;height: 27px\" rowspan=\"3\">Sala Grupo NINE<\/td>\n<\/tr>\n<tr style=\"height: 51px\">\n<td style=\"height: 106px\" rowspan=\"3\">SEXTA<\/td>\n<td style=\"text-align: center;height: 51px\">08h &#8211; 11h<\/td>\n<td style=\"text-align: center;height: 51px\">Atividades administrativas da Coordena\u00e7\u00e3o de TADS<\/td>\n<\/tr>\n<tr style=\"height: 55px\">\n<td style=\"text-align: center;height: 55px\">14h-17h<\/td>\n<td style=\"text-align: center;height: 55px\">Atividades de planejamento pedag\u00f3gico<\/td>\n<\/tr>\n<tr style=\"height: 55px\">\n<td style=\"text-align: center;height: 55px\">19h &#8211; 22h15<\/td>\n<td style=\"text-align: center;height: 55px\">Aulas<\/td>\n<td style=\"text-align: center;height: 55px\">Laborat\u00f3rio de INF. Bloco 500<\/td>\n<\/tr>\n<tr style=\"height: 27px\">\n<td style=\"height: 27px\">S\u00c1BADO<\/td>\n<td style=\"text-align: center;height: 27px\">08h11h<\/td>\n<td style=\"text-align: center;height: 27px\">Atividades de Planejamento de aulas e administrativas da coordena\u00e7\u00e3o de TADS, quando s\u00e1bado letivo.<\/td>\n<td style=\"text-align: center;height: 27px\">IFG<\/td>\n<\/tr>\n<\/tbody>\n<\/table>\n","protected":false},"excerpt":{"rendered":"<p>\u00a0 DIA HOR\u00c1RIO ATIVIDADE LOCAL SEGUNDA 08h &#8211; 18h Atividades de Planejamento de aulas semanais e projetos de pesquisa e extens\u00e3o IFG &#8211; Unidade Riachuelo &nbsp; TER\u00c7A 13h30-17h30 Atividades de Planejamento de aulas semanais e projetos de pesquisa e extens\u00e3o 19h &#8211; 22h Atendimento aos alunos de TCC IFG &#8211; Unidade Flamboyant Sala dos professores &#8230; <a title=\"Agenda\" class=\"read-more\" href=\"https:\/\/docentes.ifg.edu.br\/leizer\/agenda\/\" aria-label=\"Read more about Agenda\">Ler mais<\/a><\/p>\n","protected":false},"author":24,"featured_media":0,"parent":0,"menu_order":0,"comment_status":"closed","ping_status":"closed","template":"","meta":{"footnotes":""},"class_list":["post-39","page","type-page","status-publish"],"_links":{"self":[{"href":"https:\/\/docentes.ifg.edu.br\/leizer\/wp-json\/wp\/v2\/pages\/39"}],"collection":[{"href":"https:\/\/docentes.ifg.edu.br\/leizer\/wp-json\/wp\/v2\/pages"}],"about":[{"href":"https:\/\/docentes.ifg.edu.br\/leizer\/wp-json\/wp\/v2\/types\/page"}],"author":[{"embeddable":true,"href":"https:\/\/docentes.ifg.edu.br\/leizer\/wp-json\/wp\/v2\/users\/24"}],"replies":[{"embeddable":true,"href":"https:\/\/docentes.ifg.edu.br\/leizer\/wp-json\/wp\/v2\/comments?post=39"}],"version-history":[{"count":11,"href":"https:\/\/docentes.ifg.edu.br\/leizer\/wp-json\/wp\/v2\/pages\/39\/revisions"}],"predecessor-version":[{"id":56,"href":"https:\/\/docentes.ifg.edu.br\/leizer\/wp-json\/wp\/v2\/pages\/39\/revisions\/56"}],"wp:attachment":[{"href":"https:\/\/docentes.ifg.edu.br\/leizer\/wp-json\/wp\/v2\/media?parent=39"}],"curies":[{"name":"wp","href":"https:\/\/api.w.org\/{rel}","templated":true}]}}