{"id":27,"date":"2019-08-05T15:52:13","date_gmt":"2019-08-05T18:52:13","guid":{"rendered":"http:\/\/docentes.ifg.edu.br\/leizer\/?page_id=27"},"modified":"2019-08-05T16:04:05","modified_gmt":"2019-08-05T19:04:05","slug":"atuacao-profissional","status":"publish","type":"page","link":"https:\/\/docentes.ifg.edu.br\/leizer\/atuacao-profissional\/","title":{"rendered":"Atua\u00e7\u00e3o Profissional"},"content":{"rendered":"<p style=\"text-align: justify\"><strong>Instituto Federal de Educa\u00e7\u00e3o, Ci\u00eancia e Tecnologia de Goi\u00e1s &#8211; IFG\/Jata\u00ed<\/strong><\/p>\n<p>2018-atual: Vice-l\u00edder Grupo de Pesquisa\u00a0<a href=\"http:\/\/www.nine.inf.br\" target=\"_blank\">NINE<\/a><\/p>\n<p>2010-atual: Professor do\u00a0Magist\u00e9rio B\u00e1sico, T\u00e9cnico e Tecnol\u00f3gico. (Quadro Efetivo)<\/p>\n<p>Disciplinas ministradas:<\/p>\n<ul>\n<li>Empreendedorismo<\/li>\n<li>Programa\u00e7\u00e3o Orientada a Objetos<\/li>\n<li>An\u00e1lise de Sistemas<\/li>\n<li>Organiza\u00e7\u00e3o de Empresas<\/li>\n<li>M\u00e9todos e T\u00e9cnicas de Programa\u00e7\u00e3o<\/li>\n<li>Programa\u00e7\u00e3o I e II<\/li>\n<li>Programa\u00e7\u00e3o para WEB<\/li>\n<li>Projeto Interdisciplinar II<\/li>\n<li>Trabalho de Conclus\u00e3o de Curso I e II<\/li>\n<\/ul>\n<p>2014-2016: Coordenador Acad\u00eamico do Campus Jata\u00ed<\/p>\n<p><strong>Instituto Nacional de Estudos e Pesquisas An\u00edsio Teixeira &#8211; INEP<\/strong><\/p>\n<p>2018-atual: avaliador de cursos superiores de Tecnologia e Bacharelado na \u00e1rea de Sistemas de Informa\u00e7\u00e3o e \u00e1reas afins.<\/p>\n<p><strong>Universidade Federal de Goi\u00e1s &#8211; UEG<\/strong><\/p>\n<p>2009-2010: Professor de Inform\u00e1tica (Quadro Tempor\u00e1rio)<\/p>\n<p><strong>Universidade Federal de Goi\u00e1s &#8211; UFG<\/strong><\/p>\n<p>2010-2010: T\u00e9cnico Administrativo em Educa\u00e7\u00e3o (Quadro Efetivo)<\/p>\n","protected":false},"excerpt":{"rendered":"<p>Instituto Federal de Educa\u00e7\u00e3o, Ci\u00eancia e Tecnologia de Goi\u00e1s &#8211; IFG\/Jata\u00ed 2018-atual: Vice-l\u00edder Grupo de Pesquisa\u00a0NINE 2010-atual: Professor do\u00a0Magist\u00e9rio B\u00e1sico, T\u00e9cnico e Tecnol\u00f3gico. (Quadro Efetivo) Disciplinas ministradas: Empreendedorismo Programa\u00e7\u00e3o Orientada a Objetos An\u00e1lise de Sistemas Organiza\u00e7\u00e3o de Empresas M\u00e9todos e T\u00e9cnicas de Programa\u00e7\u00e3o Programa\u00e7\u00e3o I e II Programa\u00e7\u00e3o para WEB Projeto Interdisciplinar II Trabalho de &#8230; <a title=\"Atua\u00e7\u00e3o Profissional\" class=\"read-more\" href=\"https:\/\/docentes.ifg.edu.br\/leizer\/atuacao-profissional\/\" aria-label=\"Read more about Atua\u00e7\u00e3o Profissional\">Ler mais<\/a><\/p>\n","protected":false},"author":24,"featured_media":0,"parent":0,"menu_order":0,"comment_status":"closed","ping_status":"closed","template":"","meta":{"footnotes":""},"class_list":["post-27","page","type-page","status-publish"],"_links":{"self":[{"href":"https:\/\/docentes.ifg.edu.br\/leizer\/wp-json\/wp\/v2\/pages\/27"}],"collection":[{"href":"https:\/\/docentes.ifg.edu.br\/leizer\/wp-json\/wp\/v2\/pages"}],"about":[{"href":"https:\/\/docentes.ifg.edu.br\/leizer\/wp-json\/wp\/v2\/types\/page"}],"author":[{"embeddable":true,"href":"https:\/\/docentes.ifg.edu.br\/leizer\/wp-json\/wp\/v2\/users\/24"}],"replies":[{"embeddable":true,"href":"https:\/\/docentes.ifg.edu.br\/leizer\/wp-json\/wp\/v2\/comments?post=27"}],"version-history":[{"count":5,"href":"https:\/\/docentes.ifg.edu.br\/leizer\/wp-json\/wp\/v2\/pages\/27\/revisions"}],"predecessor-version":[{"id":33,"href":"https:\/\/docentes.ifg.edu.br\/leizer\/wp-json\/wp\/v2\/pages\/27\/revisions\/33"}],"wp:attachment":[{"href":"https:\/\/docentes.ifg.edu.br\/leizer\/wp-json\/wp\/v2\/media?parent=27"}],"curies":[{"name":"wp","href":"https:\/\/api.w.org\/{rel}","templated":true}]}}