{"id":2,"date":"2019-07-29T18:08:28","date_gmt":"2019-07-29T21:08:28","guid":{"rendered":"http:\/\/docentes.ifg.edu.br\/leizer\/?page_id=2"},"modified":"2024-03-04T20:21:31","modified_gmt":"2024-03-04T23:21:31","slug":"pagina-exemplo","status":"publish","type":"page","link":"https:\/\/docentes.ifg.edu.br\/leizer\/","title":{"rendered":"Apresenta\u00e7\u00e3o"},"content":{"rendered":"<p style=\"text-align: justify\"><img loading=\"lazy\" decoding=\"async\" class=\" wp-image-9 alignleft\" src=\"http:\/\/docentes.ifg.edu.br\/leizer\/wp-content\/uploads\/sites\/16\/2019\/07\/perfil367x546.jpg\" alt=\"perfil367x546\" width=\"193\" height=\"286\" \/>Doutor em Educa\u00e7\u00e3o pela Universidade de Santiago de Compostela (USC) &#8211; La Coru\u00f1a, Espanha. Mestre em Educa\u00e7\u00e3o para Ci\u00eancias e Matem\u00e1tica pelo Instituto Federal de Educa\u00e7\u00e3o, Ci\u00eancia e Tecnologia de Goi\u00e1s &#8211; IFG (2014). Especialista em Seguran\u00e7a e integra\u00e7\u00e3o de redes de computadores em ambientes corporativos, pela Faculdade SENAC (2012) &#8211; Goi\u00e1s. Graduado em Tecnologia em Inform\u00e1tica com Habilita\u00e7\u00e3o em Sistemas de Informa\u00e7\u00e3o, pelo IFG (2008). Professor do Ensino B\u00e1sico, T\u00e9cnico e Tecnol\u00f3gico no IFG\/Campus Jata\u00ed. Experi\u00eancia em gest\u00e3o acad\u00eamica como Coordenador Acad\u00eamico do IFG\/Jata\u00ed. Avaliador Ad-hoc de Cursos de Gradua\u00e7\u00e3o (Cursos de Tecnologia) do INEP\/MEC. Membro Pesquisador do N\u00facleo de Inform\u00e1tica na Educa\u00e7\u00e3o &#8211; NINE, com interesse nas seguintes \u00e1reas: Desenvolvimento WEB, elabora\u00e7\u00e3o e aplica\u00e7\u00e3o de objetos de aprendizagem, inform\u00e1tica aplicada \u00e0 educa\u00e7\u00e3o, e-learning, uso de redes sociais para aprendizagem. Membro pesquisador do grupo de investigaci\u00f3n Stellae &#8211; USC, Santiago de Compostela\/Espanha. Coordenador do curso de An\u00e1lise e Desenvolvimento de Sistemas do IFG\/C\u00e2mpus Jata\u00ed.<\/p>\n<blockquote>\n<p style=\"text-align: justify\"><a href=\"http:\/\/lattes.cnpq.br\/6704747520812423\" target=\"_blank\">Curr\u00edculo Lattes<\/a><\/p>\n<p style=\"text-align: justify\"><a href=\"http:\/\/www.nine.inf.br\" target=\"_blank\">Grupo de Pesquisa NINE &#8211; IFG<\/a><\/p>\n<p style=\"text-align: justify\"><a href=\"https:\/\/stellae.usc.es\/index.php\/es\/\" target=\"_blank\">Grupo de Pesquisa Stellae &#8211; USC\/A Coru\u00f1a\u00a0<\/a><\/p>\n<p style=\"text-align: justify\"><img loading=\"lazy\" decoding=\"async\" class=\"alignleft wp-image-17\" src=\"http:\/\/docentes.ifg.edu.br\/leizer\/wp-content\/uploads\/sites\/16\/2019\/07\/contato.jpg\" alt=\"contato\" width=\"221\" height=\"124\" \/><\/p>\n<\/blockquote>\n<p style=\"text-align: justify\">+55 (64) 9.9607-0443<\/p>\n<p style=\"text-align: justify\">leizer.moraes@ifg.edu.br<\/p>\n","protected":false},"excerpt":{"rendered":"<p>Doutor em Educa\u00e7\u00e3o pela Universidade de Santiago de Compostela (USC) &#8211; La Coru\u00f1a, Espanha. Mestre em Educa\u00e7\u00e3o para Ci\u00eancias e Matem\u00e1tica pelo Instituto Federal de Educa\u00e7\u00e3o, Ci\u00eancia e Tecnologia de Goi\u00e1s &#8211; IFG (2014). Especialista em Seguran\u00e7a e integra\u00e7\u00e3o de redes de computadores em ambientes corporativos, pela Faculdade SENAC (2012) &#8211; Goi\u00e1s. Graduado em Tecnologia &#8230; <a title=\"Apresenta\u00e7\u00e3o\" class=\"read-more\" href=\"https:\/\/docentes.ifg.edu.br\/leizer\/\" aria-label=\"Read more about Apresenta\u00e7\u00e3o\">Ler mais<\/a><\/p>\n","protected":false},"author":24,"featured_media":0,"parent":0,"menu_order":0,"comment_status":"closed","ping_status":"open","template":"","meta":{"footnotes":""},"class_list":["post-2","page","type-page","status-publish"],"_links":{"self":[{"href":"https:\/\/docentes.ifg.edu.br\/leizer\/wp-json\/wp\/v2\/pages\/2"}],"collection":[{"href":"https:\/\/docentes.ifg.edu.br\/leizer\/wp-json\/wp\/v2\/pages"}],"about":[{"href":"https:\/\/docentes.ifg.edu.br\/leizer\/wp-json\/wp\/v2\/types\/page"}],"author":[{"embeddable":true,"href":"https:\/\/docentes.ifg.edu.br\/leizer\/wp-json\/wp\/v2\/users\/24"}],"replies":[{"embeddable":true,"href":"https:\/\/docentes.ifg.edu.br\/leizer\/wp-json\/wp\/v2\/comments?post=2"}],"version-history":[{"count":12,"href":"https:\/\/docentes.ifg.edu.br\/leizer\/wp-json\/wp\/v2\/pages\/2\/revisions"}],"predecessor-version":[{"id":55,"href":"https:\/\/docentes.ifg.edu.br\/leizer\/wp-json\/wp\/v2\/pages\/2\/revisions\/55"}],"wp:attachment":[{"href":"https:\/\/docentes.ifg.edu.br\/leizer\/wp-json\/wp\/v2\/media?parent=2"}],"curies":[{"name":"wp","href":"https:\/\/api.w.org\/{rel}","templated":true}]}}