{"id":69,"date":"2026-03-31T18:56:58","date_gmt":"2026-03-31T21:56:58","guid":{"rendered":"https:\/\/docentes.ifg.edu.br\/gustavo\/?page_id=69"},"modified":"2026-03-31T18:56:58","modified_gmt":"2026-03-31T21:56:58","slug":"introducao-a-inteligencia-artificial-tads-ifg","status":"publish","type":"page","link":"https:\/\/docentes.ifg.edu.br\/gustavo\/introducao-a-inteligencia-artificial-tads-ifg\/","title":{"rendered":"Introdu\u00e7\u00e3o \u00e0 Intelig\u00eancia Artificial (TADS &#8211; IFG)"},"content":{"rendered":"","protected":false},"excerpt":{"rendered":"","protected":false},"author":19,"featured_media":0,"parent":0,"menu_order":0,"comment_status":"closed","ping_status":"closed","template":"","meta":{"footnotes":""},"class_list":["post-69","page","type-page","status-publish","hentry"],"_links":{"self":[{"href":"https:\/\/docentes.ifg.edu.br\/gustavo\/wp-json\/wp\/v2\/pages\/69"}],"collection":[{"href":"https:\/\/docentes.ifg.edu.br\/gustavo\/wp-json\/wp\/v2\/pages"}],"about":[{"href":"https:\/\/docentes.ifg.edu.br\/gustavo\/wp-json\/wp\/v2\/types\/page"}],"author":[{"embeddable":true,"href":"https:\/\/docentes.ifg.edu.br\/gustavo\/wp-json\/wp\/v2\/users\/19"}],"replies":[{"embeddable":true,"href":"https:\/\/docentes.ifg.edu.br\/gustavo\/wp-json\/wp\/v2\/comments?post=69"}],"version-history":[{"count":1,"href":"https:\/\/docentes.ifg.edu.br\/gustavo\/wp-json\/wp\/v2\/pages\/69\/revisions"}],"predecessor-version":[{"id":77,"href":"https:\/\/docentes.ifg.edu.br\/gustavo\/wp-json\/wp\/v2\/pages\/69\/revisions\/77"}],"wp:attachment":[{"href":"https:\/\/docentes.ifg.edu.br\/gustavo\/wp-json\/wp\/v2\/media?parent=69"}],"curies":[{"name":"wp","href":"https:\/\/api.w.org\/{rel}","templated":true}]}}