{"id":8,"date":"2019-02-05T13:28:34","date_gmt":"2019-02-05T15:28:34","guid":{"rendered":"http:\/\/docentes.ifg.edu.br\/danielordine\/?page_id=8"},"modified":"2022-04-30T10:50:38","modified_gmt":"2022-04-30T13:50:38","slug":"pesquisa","status":"publish","type":"page","link":"https:\/\/docentes.ifg.edu.br\/danielordine\/pesquisa\/","title":{"rendered":"Linhas de Pesquisa"},"content":{"rendered":"<p>Durante minha forma\u00e7\u00e3o acad\u00eamica, trabalhei em f\u00edsica te\u00f3rica, particularmente em Teoria de Cordas e estudei teorias de gravita\u00e7\u00e3o qu\u00e2ntica de forma geral. Voc\u00ea pode ver <a href=\"http:\/\/lattes.cnpq.br\/7471708381279291\">meu Lattes<\/a> ou minha lista de <a href=\"https:\/\/scholar.google.com.br\/citations?user=DaC3IbYAAAAJ&amp;hl=pt-BR\">trabalhos publicados<\/a>.<\/p>\n<p>Desde 2015 no entanto passei cada vez mais a me interessar pela pesquisa em Educa\u00e7\u00e3o.<\/p>\n<p>Em 2017 montamos no IFG o <a href=\"http:\/\/docentes.ifg.edu.br\/danielordine\/formoso-ceu\/\">projeto Formoso C\u00e9u<\/a>, um projeto que visava estudar o\u00a0impacto do ensino de Astronomia e de quebra (como &#8220;laborat\u00f3rio&#8221; para essa pesquisa) organizamos eventos de observa\u00e7\u00e3o astron\u00f4mica e minicursos.<\/p>\n<p>Trabalho eventualmente com\u00a0projetos de ac\u00fastica\u00a0com estudantes do curso de Engenharia.\u00a0Em 2019 fizemos um projeto de pesquisa que rendeu\u00a0publica\u00e7\u00e3o em confer\u00eancias e criamos um curso de introdu\u00e7\u00e3o \u00e0 ac\u00fastica voltado para estudantes do curso. O curso foi inteiramente ministrado por alunos bolsistas. Atualmente oriento tamb\u00e9m TCCs na \u00e1rea.<\/p>\n<p>Em 2020 orientei um PIBIC sobre <a href=\"http:\/\/docentes.ifg.edu.br\/danielordine\/astrobiologia\/\">Astrobiologia<\/a>, investigando a possibilidade de integra\u00e7\u00e3o do tema como motivador dentro do curso de Biotecnologia. Voc\u00ea pode ver mais sobre o trabalho em nossa p\u00e1gina.<\/p>\n<p>Desde 2021 trabalho no projeto <strong><a href=\"http:\/\/docentes.ifg.edu.br\/danielordine\/pesquisa\/historiadafisicaemcontexto\/\">Hist\u00f3ria e Epistemologia da F\u00edsica em Contexto<\/a>\u00a0<\/strong>no qual buscamos expandir as maneiras de conectar a f\u00edsica com quest\u00f5es sociais e culturais relevantes aos estudantes. Este \u00e9 meu projeto principal, que pretendo dedicar maior tempo. Dentro deste projeto temos at\u00e9 o momento dois PIBICs em andamento: em um deles buscamos investigar epis\u00f3dios na hist\u00f3ria da F\u00edsica para compreender o contexto religioso\u00a0em que o epis\u00f3dio se deu; no outro exploramos temas de f\u00edsica em obras audiovisuais, principalmente filmes de her\u00f3is e animes, e como utilizar essas obras como motivadoras para os estudantes!<\/p>\n<p>Tamb\u00e9m fa\u00e7o parte do <a href=\"http:\/\/pesquisa.ifg.edu.br\/geas\/\">GEAS &#8211; Grupo de Estudos em Ambiente e Sociedade<\/a>, onde investigamos de maneira interdisciplinar aspectos da rela\u00e7\u00e3o entre ci\u00eancia, ambiente, educa\u00e7\u00e3o e a sociedade.<\/p>\n<p>\u00c9 aluno do IFG e tem\u00a0interesse em trabalhar comigo?\u00a0Entre em contato!<\/p>\n","protected":false},"excerpt":{"rendered":"<p>Durante minha forma\u00e7\u00e3o acad\u00eamica, trabalhei em f\u00edsica te\u00f3rica, particularmente em Teoria de Cordas e estudei teorias de gravita\u00e7\u00e3o qu\u00e2ntica de forma geral. Voc\u00ea pode ver meu Lattes ou minha lista de trabalhos publicados. Desde 2015 no entanto passei cada vez mais a me interessar pela pesquisa em Educa\u00e7\u00e3o. Em 2017 montamos no IFG o projeto &#8230; <a title=\"Linhas de Pesquisa\" class=\"read-more\" href=\"https:\/\/docentes.ifg.edu.br\/danielordine\/pesquisa\/\" aria-label=\"Read more about Linhas de Pesquisa\">Ler mais<\/a><\/p>\n","protected":false},"author":21,"featured_media":0,"parent":0,"menu_order":0,"comment_status":"closed","ping_status":"closed","template":"","meta":{"footnotes":""},"class_list":["post-8","page","type-page","status-publish"],"_links":{"self":[{"href":"https:\/\/docentes.ifg.edu.br\/danielordine\/wp-json\/wp\/v2\/pages\/8"}],"collection":[{"href":"https:\/\/docentes.ifg.edu.br\/danielordine\/wp-json\/wp\/v2\/pages"}],"about":[{"href":"https:\/\/docentes.ifg.edu.br\/danielordine\/wp-json\/wp\/v2\/types\/page"}],"author":[{"embeddable":true,"href":"https:\/\/docentes.ifg.edu.br\/danielordine\/wp-json\/wp\/v2\/users\/21"}],"replies":[{"embeddable":true,"href":"https:\/\/docentes.ifg.edu.br\/danielordine\/wp-json\/wp\/v2\/comments?post=8"}],"version-history":[{"count":12,"href":"https:\/\/docentes.ifg.edu.br\/danielordine\/wp-json\/wp\/v2\/pages\/8\/revisions"}],"predecessor-version":[{"id":279,"href":"https:\/\/docentes.ifg.edu.br\/danielordine\/wp-json\/wp\/v2\/pages\/8\/revisions\/279"}],"wp:attachment":[{"href":"https:\/\/docentes.ifg.edu.br\/danielordine\/wp-json\/wp\/v2\/media?parent=8"}],"curies":[{"name":"wp","href":"https:\/\/api.w.org\/{rel}","templated":true}]}}