{"id":39,"date":"2019-02-05T15:10:44","date_gmt":"2019-02-05T17:10:44","guid":{"rendered":"http:\/\/docentes.ifg.edu.br\/danielordine\/?page_id=39"},"modified":"2022-04-30T08:31:30","modified_gmt":"2022-04-30T11:31:30","slug":"sobre-mim","status":"publish","type":"page","link":"https:\/\/docentes.ifg.edu.br\/danielordine\/sobre-mim\/","title":{"rendered":"Sobre mim"},"content":{"rendered":"<p>Ol\u00e1!<\/p>\n<p>Meu nome \u00e9 Daniel e sou um profundo admirador das ci\u00eancias! Essa &#8220;arte&#8221; que desenvolvemos para tentarmos, no limite da nossa insignific\u00e2ncia, descrever o mundo, \u00e9 absolutamente fant\u00e1stica. E dentre todas as ci\u00eancias a que sempre mais me atraiu foi a F\u00edsica, com a possibilidade de explicar os aspectos mais fundamentais da natureza.<\/p>\n<p>Fiz a minha gradua\u00e7\u00e3o na UnB, entre 2003 e 2007. Foi l\u00e1 o meu primeiro contato com teoria qu\u00e2ntica de campos, f\u00edsica de part\u00edculas e cosmologia, \u00e1reas que iriam motivar boa parte do meu estudo pelos pr\u00f3ximos anos.<\/p>\n<p>Em 2007 fui para o Instituto de F\u00edsica Te\u00f3rica da UNESP. L\u00e1 trabalhei com o prof. Nathan Berkovits, especialista na \u00e1rea de Teoria de Cordas. Durante o meu mestrado fiz <a href=\"http:\/\/www.dominiopublico.gov.br\/pesquisa\/DetalheObraForm.do?select_action=&amp;co_obra=161537\">um trabalho de revis\u00e3o<\/a> de um aspecto hist\u00f3rico dessa teoria (espalhamento de cordas bos\u00f4nicas).<\/p>\n<p>Me interessei mais ainda pela \u00e1rea e decidi que queria seguir nela. Decidi tentar um doutorado no exterior e consegui. Fui para a Universidade de Bonn, trabalhar na \u00e1rea de A\u00e7\u00f5es Efetivas de modelos de branas sob orienta\u00e7\u00e3o de Albrecht Klemm e coorienta\u00e7\u00e3o de Thomas Grimm. <a href=\"https:\/\/inis.iaea.org\/search\/search.aspx?orig_q=RN:44093637\">Minha pesquisa<\/a> tentava entender como aspectos da geometria desses objetos da teoria de cordas chamados branas se refletiam em f\u00edsica &#8220;real&#8221;, isto \u00e9, dado uma certa geometria de branas, quais seriam as part\u00edculas e suas intera\u00e7\u00f5es em nosso universo f\u00edsico.<\/p>\n<p>Durante o p\u00f3s-doutorado decidi me ocupar de outras teorias de gravita\u00e7\u00e3o qu\u00e2ntica, alternativas \u00e0 teoria de cordas. Uma abordagem que me chamou aten\u00e7\u00e3o foi o &#8220;Princ\u00edpio da A\u00e7\u00e3o Espectral&#8221;, na qual a f\u00edsica de part\u00edculas e a gravita\u00e7\u00e3o poderiam ser descritas\u00a0a partir da suposi\u00e7\u00e3o de que o nosso espa\u00e7o-tempo \u00e9 n\u00e3o-comutativo. Comecei a descobrir <a href=\"https:\/\/iopscience.iop.org\/article\/10.1088\/0264-9381\/33\/4\/045008\/meta\">coisas interessantes nesse assunto<\/a>, mas a minha bolsa acabou e tive que buscar emprego.<\/p>\n<p>Em 2014 consegui um emprego na Universidade Cat\u00f3lica de Bras\u00edlia, como professor do curso de licenciatura em F\u00edsica, atuando tamb\u00e9m na Engenharia Civil. Foi l\u00e1 que tive meu primeiro contato com o desafio da sala de aula, principalmente quando confrontado com a\u00a0falta de base em matem\u00e1tica, f\u00edsica e at\u00e9 mesmo interpreta\u00e7\u00e3o de texto de muitos alunos. Preocupa\u00e7\u00f5es de como o ensino era feito, no n\u00edvel superior e nos n\u00edveis b\u00e1sicos, cresceram em mim.<\/p>\n<p>Em 2016 me tornei professor do Instituto Federal de Goi\u00e1s, no c\u00e2mpus Formosa, onde atuo nos cursos t\u00e9cnicos e na Engenharia Civil. Desde ent\u00e3o tenho tentado em construir um ensino de f\u00edsica que tenha significado e que produza impactos, tanto para os estudantes quanto para a sociedade de maneira geral.<\/p>\n<p><em>Contato: daniel.ordine@ifg.edu.br<\/em><\/p>\n","protected":false},"excerpt":{"rendered":"<p>Ol\u00e1! Meu nome \u00e9 Daniel e sou um profundo admirador das ci\u00eancias! Essa &#8220;arte&#8221; que desenvolvemos para tentarmos, no limite da nossa insignific\u00e2ncia, descrever o mundo, \u00e9 absolutamente fant\u00e1stica. E dentre todas as ci\u00eancias a que sempre mais me atraiu foi a F\u00edsica, com a possibilidade de explicar os aspectos mais fundamentais da natureza. Fiz &#8230; <a title=\"Sobre mim\" class=\"read-more\" href=\"https:\/\/docentes.ifg.edu.br\/danielordine\/sobre-mim\/\" aria-label=\"Read more about Sobre mim\">Ler mais<\/a><\/p>\n","protected":false},"author":21,"featured_media":0,"parent":0,"menu_order":0,"comment_status":"closed","ping_status":"closed","template":"","meta":{"footnotes":""},"class_list":["post-39","page","type-page","status-publish"],"_links":{"self":[{"href":"https:\/\/docentes.ifg.edu.br\/danielordine\/wp-json\/wp\/v2\/pages\/39"}],"collection":[{"href":"https:\/\/docentes.ifg.edu.br\/danielordine\/wp-json\/wp\/v2\/pages"}],"about":[{"href":"https:\/\/docentes.ifg.edu.br\/danielordine\/wp-json\/wp\/v2\/types\/page"}],"author":[{"embeddable":true,"href":"https:\/\/docentes.ifg.edu.br\/danielordine\/wp-json\/wp\/v2\/users\/21"}],"replies":[{"embeddable":true,"href":"https:\/\/docentes.ifg.edu.br\/danielordine\/wp-json\/wp\/v2\/comments?post=39"}],"version-history":[{"count":5,"href":"https:\/\/docentes.ifg.edu.br\/danielordine\/wp-json\/wp\/v2\/pages\/39\/revisions"}],"predecessor-version":[{"id":274,"href":"https:\/\/docentes.ifg.edu.br\/danielordine\/wp-json\/wp\/v2\/pages\/39\/revisions\/274"}],"wp:attachment":[{"href":"https:\/\/docentes.ifg.edu.br\/danielordine\/wp-json\/wp\/v2\/media?parent=39"}],"curies":[{"name":"wp","href":"https:\/\/api.w.org\/{rel}","templated":true}]}}