{"id":17,"date":"2019-02-05T14:22:40","date_gmt":"2019-02-05T16:22:40","guid":{"rendered":"http:\/\/docentes.ifg.edu.br\/danielordine\/?page_id=17"},"modified":"2020-06-28T10:27:55","modified_gmt":"2020-06-28T13:27:55","slug":"formoso-ceu","status":"publish","type":"page","link":"https:\/\/docentes.ifg.edu.br\/danielordine\/formoso-ceu\/","title":{"rendered":"Formoso C\u00e9u"},"content":{"rendered":"<p>O projeto Formoso C\u00e9u surgiu da ideia de aproveitarmos o belo c\u00e9u noturno de Formosa e organizar atividades de Astronomia no c\u00e2mpus.<\/p>\n<div id='gallery-1' class='gallery galleryid-17 gallery-columns-4 gallery-size-large'><figure class='gallery-item'>\n\t\t\t<div class='gallery-icon landscape'>\n\t\t\t\t<a href='https:\/\/docentes.ifg.edu.br\/danielordine\/wp-content\/uploads\/sites\/13\/2019\/02\/telescopio_1.jpg'><img loading=\"lazy\" decoding=\"async\" width=\"1024\" height=\"683\" src=\"https:\/\/docentes.ifg.edu.br\/danielordine\/wp-content\/uploads\/sites\/13\/2019\/02\/telescopio_1.jpg\" class=\"attachment-large size-large\" alt=\"\" aria-describedby=\"gallery-1-29\" \/><\/a>\n\t\t\t<\/div>\n\t\t\t\t<figcaption class='wp-caption-text gallery-caption' id='gallery-1-29'>\n\t\t\t\tNoite de observa\u00e7\u00e3o\n\t\t\t\t<\/figcaption><\/figure><figure class='gallery-item'>\n\t\t\t<div class='gallery-icon landscape'>\n\t\t\t\t<a href='https:\/\/docentes.ifg.edu.br\/danielordine\/wp-content\/uploads\/sites\/13\/2019\/02\/observa\u00e7\u00e3o_1.jpg'><img loading=\"lazy\" decoding=\"async\" width=\"1024\" height=\"683\" src=\"https:\/\/docentes.ifg.edu.br\/danielordine\/wp-content\/uploads\/sites\/13\/2019\/02\/observa\u00e7\u00e3o_1.jpg\" class=\"attachment-large size-large\" alt=\"\" aria-describedby=\"gallery-1-28\" \/><\/a>\n\t\t\t<\/div>\n\t\t\t\t<figcaption class='wp-caption-text gallery-caption' id='gallery-1-28'>\n\t\t\t\tNoite de Observa\u00e7\u00e3o\n\t\t\t\t<\/figcaption><\/figure><figure class='gallery-item'>\n\t\t\t<div class='gallery-icon portrait'>\n\t\t\t\t<a href='https:\/\/docentes.ifg.edu.br\/danielordine\/wp-content\/uploads\/sites\/13\/2019\/02\/C\u00f3pia-de-DSC_0087.jpg'><img loading=\"lazy\" decoding=\"async\" width=\"768\" height=\"1024\" src=\"https:\/\/docentes.ifg.edu.br\/danielordine\/wp-content\/uploads\/sites\/13\/2019\/02\/C\u00f3pia-de-DSC_0087.jpg\" class=\"attachment-large size-large\" alt=\"\" aria-describedby=\"gallery-1-30\" \/><\/a>\n\t\t\t<\/div>\n\t\t\t\t<figcaption class='wp-caption-text gallery-caption' id='gallery-1-30'>\n\t\t\t\tAtividade durante SECITEC 2017\n\t\t\t\t<\/figcaption><\/figure><figure class='gallery-item'>\n\t\t\t<div class='gallery-icon landscape'>\n\t\t\t\t<a href='https:\/\/docentes.ifg.edu.br\/danielordine\/wp-content\/uploads\/sites\/13\/2019\/02\/Minicurso.jpg'><img loading=\"lazy\" decoding=\"async\" width=\"1024\" height=\"768\" src=\"https:\/\/docentes.ifg.edu.br\/danielordine\/wp-content\/uploads\/sites\/13\/2019\/02\/Minicurso.jpg\" class=\"attachment-large size-large\" alt=\"\" aria-describedby=\"gallery-1-27\" \/><\/a>\n\t\t\t<\/div>\n\t\t\t\t<figcaption class='wp-caption-text gallery-caption' id='gallery-1-27'>\n\t\t\t\tMinicurso para professores\n\t\t\t\t<\/figcaption><\/figure>\n\t\t<\/div>\n\n<p><strong>Trabalhos publicados e\/ou apresentados<br \/>\n<\/strong>&#8211; <em>Um minicurso de astronomia para Professores de Ci\u00eancias (p\u00f4ster)<\/em> &#8211; <strong>II EPEPE<\/strong>, Itumbiara, 20 de Junho de 2018<\/p>\n<p><strong>Outros materiais<br \/>\n<\/strong>&#8211;\u00a0Contru\u00e7\u00e3o de um telesc\u00f3pio refletor &#8211; Giulia Carvalho<br \/>\n&#8211; Tradu\u00e7\u00e3o de poster sobre evolu\u00e7\u00e3o estelar (<a href=\"http:\/\/docentes.ifg.edu.br\/danielordine\/wp-content\/uploads\/sites\/13\/2019\/02\/P\u00f4ster-com-logo-do-IF.pdf\">Poster Evolu\u00e7\u00e3o Estelar<\/a>) &#8211; Pedro Valadares<\/p>\n<p><strong>Membros antigos:<br \/>\n<\/strong>Giulia Pinhati Carvalho (Eng. Civil)<br \/>\nPedro Afonso Valadares (Eng. Civil)<br \/>\nIsabela Anc\u00e2ntara Fontana (T\u00e9c. Saneamento)<\/p>\n<p>&nbsp;<\/p>\n<p>&nbsp;<\/p>\n","protected":false},"excerpt":{"rendered":"<p>O projeto Formoso C\u00e9u surgiu da ideia de aproveitarmos o belo c\u00e9u noturno de Formosa e organizar atividades de Astronomia no c\u00e2mpus. Trabalhos publicados e\/ou apresentados &#8211; Um minicurso de astronomia para Professores de Ci\u00eancias (p\u00f4ster) &#8211; II EPEPE, Itumbiara, 20 de Junho de 2018 Outros materiais &#8211;\u00a0Contru\u00e7\u00e3o de um telesc\u00f3pio refletor &#8211; Giulia Carvalho &#8230; <a title=\"Formoso C\u00e9u\" class=\"read-more\" href=\"https:\/\/docentes.ifg.edu.br\/danielordine\/formoso-ceu\/\" aria-label=\"Read more about Formoso C\u00e9u\">Ler mais<\/a><\/p>\n","protected":false},"author":21,"featured_media":29,"parent":0,"menu_order":0,"comment_status":"closed","ping_status":"closed","template":"","meta":{"footnotes":""},"class_list":["post-17","page","type-page","status-publish","has-post-thumbnail"],"_links":{"self":[{"href":"https:\/\/docentes.ifg.edu.br\/danielordine\/wp-json\/wp\/v2\/pages\/17"}],"collection":[{"href":"https:\/\/docentes.ifg.edu.br\/danielordine\/wp-json\/wp\/v2\/pages"}],"about":[{"href":"https:\/\/docentes.ifg.edu.br\/danielordine\/wp-json\/wp\/v2\/types\/page"}],"author":[{"embeddable":true,"href":"https:\/\/docentes.ifg.edu.br\/danielordine\/wp-json\/wp\/v2\/users\/21"}],"replies":[{"embeddable":true,"href":"https:\/\/docentes.ifg.edu.br\/danielordine\/wp-json\/wp\/v2\/comments?post=17"}],"version-history":[{"count":10,"href":"https:\/\/docentes.ifg.edu.br\/danielordine\/wp-json\/wp\/v2\/pages\/17\/revisions"}],"predecessor-version":[{"id":207,"href":"https:\/\/docentes.ifg.edu.br\/danielordine\/wp-json\/wp\/v2\/pages\/17\/revisions\/207"}],"wp:featuredmedia":[{"embeddable":true,"href":"https:\/\/docentes.ifg.edu.br\/danielordine\/wp-json\/wp\/v2\/media\/29"}],"wp:attachment":[{"href":"https:\/\/docentes.ifg.edu.br\/danielordine\/wp-json\/wp\/v2\/media?parent=17"}],"curies":[{"name":"wp","href":"https:\/\/api.w.org\/{rel}","templated":true}]}}