{"id":154,"date":"2019-07-03T11:48:49","date_gmt":"2019-07-03T14:48:49","guid":{"rendered":"http:\/\/docentes.ifg.edu.br\/danielordine\/?page_id=154"},"modified":"2026-03-26T09:44:27","modified_gmt":"2026-03-26T12:44:27","slug":"noticias-e-eventos","status":"publish","type":"page","link":"https:\/\/docentes.ifg.edu.br\/danielordine\/noticias-e-eventos\/","title":{"rendered":"Not\u00edcias e Eventos"},"content":{"rendered":"<p>Re\u00fano aqui not\u00edcias sobre atividades em que estive diretamente envolvido e onde sou mencionado.<\/p>\n<h2>Not\u00edcias<\/h2>\n<p>11\/09\/2025 &#8211; Epis\u00f3dio: Tem Ci\u00eancia no IFG &#8211; Astrobiologia<br \/>\n<a href=\"https:\/\/www.youtube.com\/watch?v=QzkdnGsh3vg\">https:\/\/www.youtube.com\/watch?v=QzkdnGsh3vg<\/a><\/p>\n<p>23\/01\/2025 &#8211; Estudante do ensino m\u00e9dio t\u00e9cnico apresenta pesquisas em simp\u00f3sio da SBF<br \/>\n<a href=\"https:\/\/portal.redefederal.org.br\/noticias\/noticias\/geral\/estudante-do-ensino-medio-tecnico-apresenta-pesquisas-em-simposio-da-sbf\">https:\/\/portal.redefederal.org.br\/noticias\/noticias\/geral\/estudante-do-ensino-medio-tecnico-apresenta-pesquisas-em-simposio-da-sbf<\/a><\/p>\n<p>22\/11\/2024 &#8211; Estudantes do Entorno brilham no programa Ca\u00e7a-Asteroides MCTI &#8211;\u00a0 <a href=\"https:\/\/goias.gov.br\/entorno\/estudantes-do-entorno-brilham-no-programa-caca-asteroides-mcti\/\">https:\/\/goias.gov.br\/entorno\/estudantes-do-entorno-brilham-no-programa-caca-asteroides-mcti\/<\/a><\/p>\n<p>24\/11\/2023 &#8211; Estudante medalhista do C\u00e2mpus Formosa participa de evento cient\u00edfico pela OBA, em S\u00e3o Paulo &#8211; <a href=\"http:\/\/www.ifg.edu.br\/component\/content\/article\/158-ifg\/campus\/formosa\/noticias-campus-formosa\/36825-estudante-do-campus-formosa-participa-de-evento-cientifico-pela-oba-em-sao-paulo\">http:\/\/www.ifg.edu.br\/component\/content\/article\/158-ifg\/campus\/formosa\/noticias-campus-formosa\/36825-estudante-do-campus-formosa-participa-de-evento-cientifico-pela-oba-em-sao-paulo<\/a><\/p>\n<p>30\/10\/2023 &#8211; Estudantes no comando: Secitec tem participa\u00e7\u00e3o ativa de alunos &#8211; <a href=\"http:\/\/www.ifg.edu.br\/component\/content\/article\/158-ifg\/campus\/formosa\/noticias-campus-formosa\/36513-estudantes-no-comando-secitec-tem-participacao-ativa-de-alunos\">http:\/\/www.ifg.edu.br\/component\/content\/article\/158-ifg\/campus\/formosa\/noticias-campus-formosa\/36513-estudantes-no-comando-secitec-tem-participacao-ativa-de-alunos<\/a><\/p>\n<p>09\/09\/2022 &#8211;\u00a0Pesquisadores dos c\u00e2mpus Formosa e An\u00e1polis apresentam na USP resultados de pesquisa<br \/>\n<a href=\"http:\/\/www.ifg.edu.br\/component\/content\/article\/17-ifg\/ultimas-noticias\/31275-pesquisadores-dos-campus-formosa-e-anapolis-apresentam-na-usp-resultados-de-pesquisa\">http:\/\/www.ifg.edu.br\/component\/content\/article\/17-ifg\/ultimas-noticias\/31275-pesquisadores-dos-campus-formosa-e-anapolis-apresentam-na-usp-resultados-de-pesquisa<\/a><\/p>\n<p>19\/01\/2022 &#8211;\u00a0Projetos Integradores apoiam Ensino Remoto Emergencial no C\u00e2mpus Formosa<br \/>\n<a href=\"https:\/\/www.ifg.edu.br\/component\/content\/article\/158-ifg\/campus\/formosa\/noticias-campus-formosa\/28233-projetos-integradores\">https:\/\/www.ifg.edu.br\/component\/content\/article\/158-ifg\/campus\/formosa\/noticias-campus-formosa\/28233-projetos-integradores<\/a><\/p>\n<p>07\/12\/2021 &#8211; \u201cCi\u00eancia e religi\u00e3o se referem \u00e0 mesma realidade, mas sob perspectivas diferentes\u201d<a href=\"https:\/\/www.ifg.edu.br\/component\/content\/article\/158-ifg\/campus\/formosa\/noticias-campus-formosa\/27680-ciencia-e-religiao-se-referem-a-mesma-realidade-mas-sob-perspectivas-diferentes\"><br \/>\nhttps:\/\/www.ifg.edu.br\/component\/content\/article\/158-ifg\/campus\/formosa\/noticias-campus-formosa\/27680-ciencia-e-religiao-se-referem-a-mesma-realidade-mas-sob-perspectivas-diferentes<\/a><\/p>\n<p>16\/12\/2020 &#8211;\u00a0Alunas do C\u00e2mpus Formosa conquistam ouro e prata na Olimp\u00edada Brasileira de Astronomia<br \/>\n<a href=\"https:\/\/www.ifg.edu.br\/component\/content\/article\/17-ifg\/ultimas-noticias\/21391-alunas-do-campus-formosa-conquistam-ouro-e-prata-na-olimpiada-brasileira-de-astronomia\">https:\/\/www.ifg.edu.br\/component\/content\/article\/17-ifg\/ultimas-noticias\/21391-alunas-do-campus-formosa-conquistam-ouro-e-prata-na-olimpiada-brasileira-de-astronomia<\/a><\/p>\n<p>12\/02\/2020 &#8211;\u00a0Professores e t\u00e9cnicos administrativos participam da Semana de Planejamento<br \/>\n<a href=\"http:\/\/www.ifg.edu.br\/component\/content\/article\/158-ifg\/campus\/formosa\/noticias-campus-formosa\/16818-professores-e-tecnicos-administrativos-participam-da-semana-de-planejamento\">http:\/\/www.ifg.edu.br\/component\/content\/article\/158-ifg\/campus\/formosa\/noticias-campus-formosa\/16818-professores-e-tecnicos-administrativos-participam-da-semana-de-planejamento<\/a><\/p>\n<p>16\/08\/2019 &#8211;\u00a0X Secitec se concentrar\u00e1 em dois dias<a href=\"http:\/\/www.ifg.edu.br\/component\/content\/article\/158-ifg\/campus\/formosa\/noticias-campus-formosa\/14536-x-secitec-se-concentrara-em-dois-dias\"><br \/>\nhttp:\/\/www.ifg.edu.br\/component\/content\/article\/158-ifg\/campus\/formosa\/noticias-campus-formosa\/14536-x-secitec-se-concentrara-em-dois-dias<\/a><\/p>\n<p>10\/06\/2019 &#8211; Conhecendo o IFG Bate Recorde de P\u00fablico<br \/>\n<a href=\"http:\/\/ifg.edu.br\/component\/content\/article\/158-ifg\/campus\/formosa\/noticias-campus-formosa\/13657-conhecendo-o-ifg-bate-recorde-de-publico\">http:\/\/ifg.edu.br\/component\/content\/article\/158-ifg\/campus\/formosa\/noticias-campus-formosa\/13657-conhecendo-o-ifg-bate-recorde-de-publico<\/a><\/p>\n<p>16\/05\/2019 &#8211;\u00a0Professores do IFG participar\u00e3o de festival de ci\u00eancia em Formosa<br \/>\n<a href=\"http:\/\/www.ifg.edu.br\/component\/content\/article\/158-ifg\/campus\/formosa\/noticias-campus-formosa\/13209-professores-do-ifg-participarao-de-festival-de-ciencia-em-formosa\">http:\/\/www.ifg.edu.br\/component\/content\/article\/158-ifg\/campus\/formosa\/noticias-campus-formosa\/13209-professores-do-ifg-participarao-de-festival-de-ciencia-em-formosa<\/a><\/p>\n<p>30\/03\/2019 &#8211;\u00a0C\u00e2mpus Formosa e Col\u00e9gio Estadual Maria Ang\u00e9lica estabelecem parceria na promo\u00e7\u00e3o da ci\u00eancia para mulheres<br \/>\n<a href=\"http:\/\/www.ifg.edu.br\/component\/content\/article\/17-ifg\/ultimas-noticias\/13509-campus-formosa-projeto-cientistas\">http:\/\/www.ifg.edu.br\/component\/content\/article\/17-ifg\/ultimas-noticias\/13509-campus-formosa-projeto-cientistas<\/a><\/p>\n<p>20\/12\/2018 &#8211; Assunto Principal &#8211; Entrevista organizada por estudantes do IFG<br \/>\n<a href=\"https:\/\/www.youtube.com\/watch?v=zzYrJ1eGO1A\">https:\/\/www.youtube.com\/watch?v=zzYrJ1eGO1A<\/a><\/p>\n<p>12\/09\/2018 &#8211;\u00a0Palestra de Preven\u00e7\u00e3o ao Suic\u00eddio d\u00e1 in\u00edcio a a\u00e7\u00f5es do Setembro Amarelo<br \/>\n<a href=\"http:\/\/www.ifgoias.edu.br\/ultimas-noticias-campus-formosa\/9913-palestra-de-prevencao-ao-suicidio-inicia-acoes-do-setembro-amarelo-no-campus\">http:\/\/www.ifgoias.edu.br\/ultimas-noticias-campus-formosa\/9913-palestra-de-prevencao-ao-suicidio-inicia-acoes-do-setembro-amarelo-no-campus<\/a><\/p>\n<p>09\/03\/2018 &#8211;\u00a0Projetos Integradores dos Cursos T\u00e9cnicos inauguram a primeira semana acad\u00eamica<br \/>\n<a href=\"http:\/\/www.ifg.edu.br\/component\/content\/article\/158-ifg\/campus\/formosa\/noticias-campus-formosa\/7234-projetos-integradores-dos-cursos-tecnicos-inauguram-a-primeira-semana-academica\">http:\/\/www.ifg.edu.br\/component\/content\/article\/158-ifg\/campus\/formosa\/noticias-campus-formosa\/7234-projetos-integradores-dos-cursos-tecnicos-inauguram-a-primeira-semana-academica<\/a><\/p>\n<p>20\/10\/2017 &#8211;\u00a0VIII SECITEC: Semana apresenta a matem\u00e1tica do cotidiano<br \/>\n<a href=\"http:\/\/www.ifg.edu.br\/estudenoifg\/158-ifg\/campus\/formosa\/noticias-campus-formosa\/5531-semana-apresenta-a-matematica-do-cotidiano\">http:\/\/www.ifg.edu.br\/estudenoifg\/158-ifg\/campus\/formosa\/noticias-campus-formosa\/5531-semana-apresenta-a-matematica-do-cotidiano<\/a><\/p>\n<p>19\/10\/2017 &#8211;\u00a0Dia C da Ci\u00eancia apresentar\u00e1 pesquisas do C\u00e2mpus<br \/>\n<a href=\"http:\/\/www.ifg.edu.br\/component\/content\/article\/158-ifg\/campus\/formosa\/noticias-campus-formosa\/5450-dia-c-da-ciencia-apresentara-pesquisas-do-campus\">http:\/\/www.ifg.edu.br\/component\/content\/article\/158-ifg\/campus\/formosa\/noticias-campus-formosa\/5450-dia-c-da-ciencia-apresentara-pesquisas-do-campus<\/a><\/p>\n<p>03\/06\/2017 &#8211;\u00a0Aula de F\u00edsica prop\u00f5e a constru\u00e7\u00e3o de prot\u00f3tipos de guindaste<br \/>\n<a href=\"http:\/\/www.ifg.edu.br\/component\/content\/article\/158-ifg\/campus\/formosa\/noticias-campus-formosa\/3225-aula-fisica-guindaste\">http:\/\/www.ifg.edu.br\/component\/content\/article\/158-ifg\/campus\/formosa\/noticias-campus-formosa\/3225-aula-fisica-guindaste<\/a><\/p>\n<h2>Eventos de Divulga\u00e7\u00e3o<\/h2>\n<p>Pint of Science 2024<br \/>\n<a href=\"https:\/\/www.pintofscience.com.br\/event\/dialogos-entre-ciencia-e-religiao-superando-o-conflito\">https:\/\/www.pintofscience.com.br\/event\/dialogos-entre-ciencia-e-religiao-superando-o-conflito<\/a><\/p>\n<p>Pint of Science 2019<br \/>\n<a href=\"https:\/\/pintofscience.com.br\/event\/entropia\">https:\/\/pintofscience.com.br\/event\/entropia<\/a><\/p>\n","protected":false},"excerpt":{"rendered":"<p>Re\u00fano aqui not\u00edcias sobre atividades em que estive diretamente envolvido e onde sou mencionado. Not\u00edcias 11\/09\/2025 &#8211; Epis\u00f3dio: Tem Ci\u00eancia no IFG &#8211; Astrobiologia https:\/\/www.youtube.com\/watch?v=QzkdnGsh3vg 23\/01\/2025 &#8211; Estudante do ensino m\u00e9dio t\u00e9cnico apresenta pesquisas em simp\u00f3sio da SBF https:\/\/portal.redefederal.org.br\/noticias\/noticias\/geral\/estudante-do-ensino-medio-tecnico-apresenta-pesquisas-em-simposio-da-sbf 22\/11\/2024 &#8211; Estudantes do Entorno brilham no programa Ca\u00e7a-Asteroides MCTI &#8211;\u00a0 https:\/\/goias.gov.br\/entorno\/estudantes-do-entorno-brilham-no-programa-caca-asteroides-mcti\/ 24\/11\/2023 &#8211; Estudante medalhista &#8230; <a title=\"Not\u00edcias e Eventos\" class=\"read-more\" href=\"https:\/\/docentes.ifg.edu.br\/danielordine\/noticias-e-eventos\/\" aria-label=\"Read more about Not\u00edcias e Eventos\">Ler mais<\/a><\/p>\n","protected":false},"author":21,"featured_media":0,"parent":0,"menu_order":0,"comment_status":"closed","ping_status":"closed","template":"","meta":{"footnotes":""},"class_list":["post-154","page","type-page","status-publish"],"_links":{"self":[{"href":"https:\/\/docentes.ifg.edu.br\/danielordine\/wp-json\/wp\/v2\/pages\/154"}],"collection":[{"href":"https:\/\/docentes.ifg.edu.br\/danielordine\/wp-json\/wp\/v2\/pages"}],"about":[{"href":"https:\/\/docentes.ifg.edu.br\/danielordine\/wp-json\/wp\/v2\/types\/page"}],"author":[{"embeddable":true,"href":"https:\/\/docentes.ifg.edu.br\/danielordine\/wp-json\/wp\/v2\/users\/21"}],"replies":[{"embeddable":true,"href":"https:\/\/docentes.ifg.edu.br\/danielordine\/wp-json\/wp\/v2\/comments?post=154"}],"version-history":[{"count":16,"href":"https:\/\/docentes.ifg.edu.br\/danielordine\/wp-json\/wp\/v2\/pages\/154\/revisions"}],"predecessor-version":[{"id":394,"href":"https:\/\/docentes.ifg.edu.br\/danielordine\/wp-json\/wp\/v2\/pages\/154\/revisions\/394"}],"wp:attachment":[{"href":"https:\/\/docentes.ifg.edu.br\/danielordine\/wp-json\/wp\/v2\/media?parent=154"}],"curies":[{"name":"wp","href":"https:\/\/api.w.org\/{rel}","templated":true}]}}